{"id":12802,"date":"2022-02-15T17:02:09","date_gmt":"2022-02-15T16:02:09","guid":{"rendered":"https:\/\/ddrobotec.com\/?page_id=12802"},"modified":"2024-10-16T10:11:47","modified_gmt":"2024-10-16T08:11:47","slug":"insights","status":"publish","type":"page","link":"https:\/\/ddrobotec.com\/de\/insights\/","title":{"rendered":"Insights"},"content":{"rendered":"<script type=\"text\/javascript\">jQuery(function() { _initLayerSlider( '#layerslider_98_14accgcrzx9a7', {createdWith: '6.9.2', sliderVersion: 24.0, skin: 'fullwidthdark', sliderFadeInDuration: 350, navPrevNext: false, hoverPrevNext: false, navStartStop: false, showCircleTimer: false, thumbnailNavigation: 'disabled', useSrcset: false, preferBlendMode: 'enabled', skinsPath: 'https:\/\/ddrobotec.com\/wp-content\/plugins\/LayerSlider_new\/assets\/static\/layerslider\/skins\/', performanceMode: true}); });<\/script><div id=\"layerslider_98_14accgcrzx9a7\"  class=\"ls-wp-container fitvidsignore ls-selectable\" style=\"width:1280px;height:720px;margin:0 auto;margin-bottom: 0px;\"><div class=\"ls-slide\" data-ls=\"bgposition:50% 0%;bgcolor:rgba(10, 10, 10, 0.61);duration:1500;transition2d:5;parallaxtransformorigin:50% 50% 0;\"><img width=\"2560\" height=\"1440\" data-src=\"https:\/\/ddrobotec.com\/wp-content\/uploads\/2024\/10\/Header-Data-Insights-wit-Data-Flower.jpg\" class=\"ls-bg\" alt=\"\"   \/><\/div><\/div>\n\n\n<p><img decoding=\"async\" style=\"display: none;\" src=\"https:\/\/ddrobotec.com\/wp-content\/uploads\/2022\/03\/insights-scaled.jpg\" \/><\/p>\n\n\n<div style=\"height:10px\" aria-hidden=\"true\" class=\"wp-block-spacer\"><\/div>\n\n\n\n<h1 class=\"wp-block-heading has-text-align-center\" id=\"h-gezieltes-handeln-dank-daten\">Gezieltes Handeln dank Daten<\/h1>\n\n\n\n<div class=\"wp-block-columns center-margin is-layout-flex wp-container-core-columns-layout-1 wp-block-columns-is-layout-flex\">\n<div class=\"wp-block-column is-layout-flow wp-block-column-is-layout-flow\">\n<h3 class=\"wp-block-heading has-text-align-center\"><strong>KI-gest\u00fctzte Analysen, die deine Trainingsstrategien optimieren<\/strong><br><\/h3>\n\n\n\n<div style=\"height:15px\" aria-hidden=\"true\" class=\"wp-block-spacer\"><\/div>\n\n\n\n<p class=\"has-text-align-center\">Nutze die Power von Echtzeit-Performancedaten, um User-Ergebnisse zu optimieren. Unser KI-gest\u00fctzter Robotrainer erfasst und analysiert kontinuierlich die Bewegungen der User und liefert pr\u00e4zise, datengest\u00fctzte Einblicke in deren Fortschritte und Leistungstrends. Durch die Bereitstellung umsetzbarer Kennzahlen erm\u00f6glicht er dir, deine Trainingsstrategien mit datenbasierten Entscheidungen zu verfeinern.<\/p>\n<\/div>\n<\/div>\n\n\n\n<div class=\"wp-block-group padding-gap margin-auto fullwidth is-layout-flow wp-block-group-is-layout-flow\"><div class=\"wp-block-group__inner-container\"><div class=\"wp-block-image hide-on-mobile\">\n<figure class=\"aligncenter size-full\"><img loading=\"lazy\" decoding=\"async\" width=\"2257\" height=\"757\" src=\"https:\/\/ddrobotec.com\/wp-content\/uploads\/2024\/10\/20241016_Insights-Data-Graphic-desktop-DE.png\" alt=\"\" class=\"wp-image-25275\" srcset=\"https:\/\/ddrobotec.com\/wp-content\/uploads\/2024\/10\/20241016_Insights-Data-Graphic-desktop-DE.png 2257w, https:\/\/ddrobotec.com\/wp-content\/uploads\/2024\/10\/20241016_Insights-Data-Graphic-desktop-DE-300x101.png 300w, https:\/\/ddrobotec.com\/wp-content\/uploads\/2024\/10\/20241016_Insights-Data-Graphic-desktop-DE-1024x343.png 1024w, https:\/\/ddrobotec.com\/wp-content\/uploads\/2024\/10\/20241016_Insights-Data-Graphic-desktop-DE-1536x515.png 1536w, https:\/\/ddrobotec.com\/wp-content\/uploads\/2024\/10\/20241016_Insights-Data-Graphic-desktop-DE-2048x687.png 2048w\" sizes=\"(max-width: 2257px) 100vw, 2257px\" \/><\/figure><\/div>\n\n\n<figure class=\"wp-block-image size-large hide-on-desktop\"><img loading=\"lazy\" decoding=\"async\" width=\"585\" height=\"1024\" src=\"https:\/\/ddrobotec.com\/wp-content\/uploads\/2024\/10\/20241016_Insights-Data-Graphic-mobile_DE-585x1024.png\" alt=\"\" class=\"wp-image-25280\" srcset=\"https:\/\/ddrobotec.com\/wp-content\/uploads\/2024\/10\/20241016_Insights-Data-Graphic-mobile_DE-585x1024.png 585w, https:\/\/ddrobotec.com\/wp-content\/uploads\/2024\/10\/20241016_Insights-Data-Graphic-mobile_DE-171x300.png 171w, https:\/\/ddrobotec.com\/wp-content\/uploads\/2024\/10\/20241016_Insights-Data-Graphic-mobile_DE-877x1536.png 877w, https:\/\/ddrobotec.com\/wp-content\/uploads\/2024\/10\/20241016_Insights-Data-Graphic-mobile_DE-1170x2048.png 1170w, https:\/\/ddrobotec.com\/wp-content\/uploads\/2024\/10\/20241016_Insights-Data-Graphic-mobile_DE.png 1191w\" sizes=\"(max-width: 585px) 100vw, 585px\" \/><\/figure>\n<\/div><\/div>\n\n\n\n<p class=\"has-text-align-center\"><\/p>\n\n\n\n<div class=\"wp-block-columns center-margin is-layout-flex wp-container-core-columns-layout-2 wp-block-columns-is-layout-flex\">\n<div class=\"wp-block-column center-margin is-layout-flow wp-block-column-is-layout-flow\" style=\"flex-basis:50%\"><\/div>\n<\/div>\n\n\n\n<div style=\"height:20px\" aria-hidden=\"true\" class=\"wp-block-spacer\"><\/div>\n\n\n\n<div class=\"wp-block-columns center-margin is-layout-flex wp-container-core-columns-layout-3 wp-block-columns-is-layout-flex\">\n<div class=\"wp-block-column is-layout-flow wp-block-column-is-layout-flow\" style=\"flex-basis:50%\">\n<h2 class=\"wp-block-heading has-text-align-center has-black-color has-text-color\" id=\"your-data-made-valuable-to-you-the-ddrobotec-system-collects-the-data-the-dd-cloud-processes-it-and-delivers-it-to-the-various-interfaces-ddrobotec-system-app-and-portal-through-which-your-user-data-is-visualized-to-you-as-your-personal-insights\" style=\"font-size:38px\"><strong>Sammeln \u2013 Analysieren \u2013 Visualisieren \u2013 Handeln<\/strong><\/h2>\n\n\n\n<h3 class=\"wp-block-heading has-text-align-center\" id=\"your-data-made-valuable-to-you-the-ddrobotec-system-collects-the-data-the-dd-cloud-processes-it-and-delivers-it-to-the-various-interfaces-ddrobotec-system-app-and-portal-through-which-your-user-data-is-visualized-to-you-as-your-personal-insights\"><strong>Entfalte das volle Potenzial deiner Daten<\/strong><\/h3>\n\n\n\n<div style=\"height:15px\" aria-hidden=\"true\" class=\"wp-block-spacer\"><\/div>\n\n\n\n<p class=\"has-text-align-center\">Die ddrobotec\u00ae Cloud erm\u00f6glicht den Austausch, die Verarbeitung und die Analyse von Daten, um umfassende Berichte und Kennzahlen bereitzustellen. Mit verschiedenen Zugriffspunkten \u2013 darunter eine Benutzeroberfl\u00e4che, Smartphone-App, Partner-Portal und Daten-API \u2013 kannst du m\u00fchelos auf Erkenntnisse zugreifen und diese nutzen. Triff fundierte Entscheidungen und optimiere Ergebnisse in Echtzeit.<\/p>\n<\/div>\n<\/div>\n\n\n\n<div class=\"wp-block-columns center-margin is-layout-flex wp-container-core-columns-layout-4 wp-block-columns-is-layout-flex\">\n<div class=\"wp-block-column is-layout-flow wp-block-column-is-layout-flow\" style=\"flex-basis:50%\">\n<div style=\"height:30px\" aria-hidden=\"true\" class=\"wp-block-spacer\"><\/div>\n<\/div>\n<\/div>\n\n\n\n<div style=\"height:5px\" aria-hidden=\"true\" class=\"wp-block-spacer border-gradient\"><\/div>\n\n\n\n<div class=\"wp-block-group product-slider is-layout-flow wp-block-group-is-layout-flow\"><div class=\"wp-block-group__inner-container\"><\/div><\/div>\n\n\n\n<div class=\"wp-block-media-text alignwide has-media-on-the-right is-stacked-on-mobile right-hub-sorter has-background\" style=\"background-color:#f7f7f7\"><div class=\"wp-block-media-text__content\">\n<h3 class=\"wp-block-heading h3-special-margin bigthin has-black-color has-text-color\" id=\"h-personalisierte-echtzeit-analysen\" style=\"font-size:52px\">Personalisierte Echtzeit-Analysen<\/h3>\n\n\n\n<div style=\"height:20px\" aria-hidden=\"true\" class=\"wp-block-spacer\"><\/div>\n\n\n\n<p class=\"has-black-color has-text-color\"><strong>Jeder User erh\u00e4lt eine personalisierte ddrobotec\u00ae Datenblume, die alle gemessenen Kennzahlen in einem intuitiven Format visuell darstellt.<\/strong> Mit \u00fcber 50 validierten Biomarkern k\u00f6nnen die User ihre kognitiven, sensorimotorischen und k\u00f6rperlichen Leistungen einfach verfolgen und \u00fcberwachen, wodurch sie wertvolle Einblicke f\u00fcr eine kontinuierliche Verbesserung erhalten.<br><\/p>\n\n\n\n<div style=\"height:30px\" aria-hidden=\"true\" class=\"wp-block-spacer\"><\/div>\n\n\n\n<div class=\"wp-block-button dd-button-blue\"><a class=\"wp-block-button__link\" href=\"https:\/\/ddrobotec.com\/measurables\/\" rel=\"noreferrer noopener\">Biomarker Index<\/a><\/div>\n<\/div><figure class=\"wp-block-media-text__media\"><img loading=\"lazy\" decoding=\"async\" width=\"910\" height=\"1024\" src=\"https:\/\/ddrobotec.com\/wp-content\/uploads\/2024\/10\/20241011_Block-Data-Flower-910x1024.jpg\" alt=\"\" class=\"wp-image-25074 size-full\" srcset=\"https:\/\/ddrobotec.com\/wp-content\/uploads\/2024\/10\/20241011_Block-Data-Flower-910x1024.jpg 910w, https:\/\/ddrobotec.com\/wp-content\/uploads\/2024\/10\/20241011_Block-Data-Flower-267x300.jpg 267w, https:\/\/ddrobotec.com\/wp-content\/uploads\/2024\/10\/20241011_Block-Data-Flower.jpg 1280w\" sizes=\"(max-width: 910px) 100vw, 910px\" \/><\/figure><\/div>\n\n\n\n<div class=\"wp-block-media-text alignwide is-stacked-on-mobile right-hub-sorter has-background\" style=\"background-color:#f7f7f7\"><figure class=\"wp-block-media-text__media\"><img loading=\"lazy\" decoding=\"async\" width=\"910\" height=\"1024\" src=\"https:\/\/ddrobotec.com\/wp-content\/uploads\/2024\/10\/20241011_Block-Insights-Overview-910x1024.jpg\" alt=\"\" class=\"wp-image-25086 size-full\" srcset=\"https:\/\/ddrobotec.com\/wp-content\/uploads\/2024\/10\/20241011_Block-Insights-Overview-910x1024.jpg 910w, https:\/\/ddrobotec.com\/wp-content\/uploads\/2024\/10\/20241011_Block-Insights-Overview-267x300.jpg 267w, https:\/\/ddrobotec.com\/wp-content\/uploads\/2024\/10\/20241011_Block-Insights-Overview.jpg 1280w\" sizes=\"(max-width: 910px) 100vw, 910px\" \/><\/figure><div class=\"wp-block-media-text__content\">\n<h3 class=\"wp-block-heading h3-special-margin bigthin has-black-color has-text-color\" id=\"h-leistungswerte-neu-definieren\" style=\"font-size:52px\">Leistungswerte neu definieren<\/h3>\n\n\n\n<div style=\"height:20px\" aria-hidden=\"true\" class=\"wp-block-spacer\"><\/div>\n\n\n\n<p><strong>Ob vor oder nach einer Operation oder einfach nur, um das Fitnessniveau zu erhalten oder zu steigern.<\/strong> Die ddrobotec\u00ae Tests, Drills und Exergames erfassen und messen die Kraft, Geschwindigkeit, Power, links\/rechts-Asymmetrie und viele andere Leistungsindikatoren der Nutzer. Die Nutzer k\u00f6nnen ihre Genesung \u00fcberwachen, schnelle datengest\u00fctzte Entscheidungen treffen und motiviert bleiben, w\u00e4hrend sie ihre Genesung beschleunigen, ihre Gesundheit optimieren und ihre Leistung steigern.<br><br><\/p>\n\n\n\n<div style=\"height:30px\" aria-hidden=\"true\" class=\"wp-block-spacer\"><\/div>\n\n\n\n<div class=\"wp-block-button dd-button-blue\"><a class=\"wp-block-button__link\" href=\"https:\/\/ddrobotec.com\/de\/all-in-one-solution\/\" rel=\"noreferrer noopener\">All-in-One L\u00f6sung<\/a><\/div>\n<\/div><\/div>\n\n\n\n<div class=\"wp-block-media-text alignwide has-media-on-the-right is-stacked-on-mobile right-hub-sorter has-background\" style=\"background-color:#f7f7f7\"><div class=\"wp-block-media-text__content\">\n<h3 class=\"wp-block-heading h3-special-margin bigthin has-black-color has-text-color\" id=\"h-exportiere-die-daten\" style=\"font-size:52px\">Exportiere die Daten<\/h3>\n\n\n\n<div style=\"height:20px\" aria-hidden=\"true\" class=\"wp-block-spacer\"><\/div>\n\n\n\n<p><strong>Integriere die gesammelten Daten ganz einfach in deine bevorzugte Analysesoftware.<\/strong> Egal, ob es sich um Leistungskennzahlen oder Trainingsstatistiken handelt, du hast die Flexibilit\u00e4t, jede Aktion jedes Nutzers an deinen Robotrainer-Standorten zu verfolgen und zu analysieren. Halte deine Erkenntnisse zentralisiert und zug\u00e4nglich, um Trainingsergebnisse zu optimieren und fundierte Entscheidungen zu treffen.<\/p>\n\n\n\n<div style=\"height:30px\" aria-hidden=\"true\" class=\"wp-block-spacer\"><\/div>\n\n\n\n<div class=\"wp-block-button dd-button-blue\"><a class=\"wp-block-button__link\" href=\"https:\/\/ddrobotec.com\/de\/digital-tools-and-services\/\" rel=\"noreferrer noopener\">Entdecke unsere digitalen Tools<\/a><\/div>\n<\/div><figure class=\"wp-block-media-text__media\"><img loading=\"lazy\" decoding=\"async\" width=\"910\" height=\"1024\" src=\"https:\/\/ddrobotec.com\/wp-content\/uploads\/2024\/10\/20241011_Block-Export-the-Data-you-Collect-4-DE-910x1024.jpg\" alt=\"\" class=\"wp-image-25205 size-full\" srcset=\"https:\/\/ddrobotec.com\/wp-content\/uploads\/2024\/10\/20241011_Block-Export-the-Data-you-Collect-4-DE-910x1024.jpg 910w, https:\/\/ddrobotec.com\/wp-content\/uploads\/2024\/10\/20241011_Block-Export-the-Data-you-Collect-4-DE-267x300.jpg 267w, https:\/\/ddrobotec.com\/wp-content\/uploads\/2024\/10\/20241011_Block-Export-the-Data-you-Collect-4-DE.jpg 1280w\" sizes=\"(max-width: 910px) 100vw, 910px\" \/><\/figure><\/div>\n","protected":false},"excerpt":{"rendered":"<p>Gezieltes Handeln dank Daten KI-gest\u00fctzte Analysen, die deine Trainingsstrategien optimieren Nutze die Power von Echtzeit-Performancedaten, um User-Ergebnisse zu optimieren. Unser KI-gest\u00fctzter Robotrainer erfasst und analysiert kontinuierlich die Bewegungen der User und liefert pr\u00e4zise, datengest\u00fctzte Einblicke in deren Fortschritte und Leistungstrends. Durch die Bereitstellung umsetzbarer Kennzahlen erm\u00f6glicht er dir, deine Trainingsstrategien mit datenbasierten Entscheidungen zu verfeinern. <a href=\"https:\/\/ddrobotec.com\/de\/insights\/\" class=\"more-link\">&#8230;<\/a><\/p>\n","protected":false},"author":1,"featured_media":0,"parent":0,"menu_order":20,"comment_status":"closed","ping_status":"closed","template":"","meta":{"_acf_changed":false,"footnotes":""},"acf":[],"yoast_head":"<!-- This site is optimized with the Yoast SEO plugin v18.6 - https:\/\/yoast.com\/wordpress\/plugins\/seo\/ -->\n<title>Echtzeit-personalisierte Leistungsanalysen f\u00fcr ddrobotec\u00ae Robotrainer<\/title>\n<meta name=\"description\" content=\"Nutze KI-gest\u00fctzte Analysen, um deine Trainingsstrategien zu verbessern, und verwende Echtzeitdaten, die die Userleistung steigern.\" \/>\n<meta name=\"robots\" content=\"noindex, nofollow\" \/>\n<meta property=\"og:locale\" content=\"de_DE\" \/>\n<meta property=\"og:type\" content=\"article\" \/>\n<meta property=\"og:title\" content=\"Echtzeit-personalisierte Leistungsanalysen f\u00fcr ddrobotec\u00ae Robotrainer\" \/>\n<meta property=\"og:description\" content=\"Nutze KI-gest\u00fctzte Analysen, um deine Trainingsstrategien zu verbessern, und verwende Echtzeitdaten, die die Userleistung steigern.\" \/>\n<meta property=\"og:url\" content=\"https:\/\/ddrobotec.com\/de\/insights\/\" \/>\n<meta property=\"og:site_name\" content=\"ddrobotec\u00ae\" \/>\n<meta property=\"article:publisher\" content=\"https:\/\/www.facebook.com\/ddrobotec\/\" \/>\n<meta property=\"article:modified_time\" content=\"2024-10-16T08:11:47+00:00\" \/>\n<meta property=\"og:image\" content=\"https:\/\/ddrobotec.com\/wp-content\/uploads\/2024\/10\/Header-Data-Insights-wit-Data-Flower.jpg\" \/>\n\t<meta property=\"og:image:width\" content=\"2560\" \/>\n\t<meta property=\"og:image:height\" content=\"1440\" \/>\n\t<meta property=\"og:image:type\" content=\"image\/jpeg\" \/>\n<meta name=\"twitter:card\" content=\"summary_large_image\" \/>\n<meta name=\"twitter:site\" content=\"@ddrobotec\" \/>\n<meta name=\"twitter:label1\" content=\"Gesch\u00e4tzte Lesezeit\" \/>\n\t<meta name=\"twitter:data1\" content=\"2\u00a0Minuten\" \/>\n<script type=\"application\/ld+json\" class=\"yoast-schema-graph\">{\"@context\":\"https:\/\/schema.org\",\"@graph\":[{\"@type\":\"Organization\",\"@id\":\"https:\/\/ddrobotec.com\/ja\/#organization\",\"name\":\"ddrobotec\u00ae by Dynamic Devices AG\",\"url\":\"https:\/\/ddrobotec.com\/ja\/\",\"sameAs\":[\"https:\/\/www.facebook.com\/ddrobotec\/\",\"https:\/\/www.instagram.com\/ddrobotec\/\",\"https:\/\/www.linkedin.com\/company\/dynamicdevices\/\",\"https:\/\/www.youtube.com\/user\/DynamicDevicesPlus\",\"https:\/\/twitter.com\/ddrobotec\"],\"logo\":{\"@type\":\"ImageObject\",\"@id\":\"https:\/\/ddrobotec.com\/ja\/#logo\",\"inLanguage\":\"de\",\"url\":\"https:\/\/ddrobotec.com\/wp-content\/uploads\/2020\/11\/Logo-ddrobotec.jpg\",\"contentUrl\":\"https:\/\/ddrobotec.com\/wp-content\/uploads\/2020\/11\/Logo-ddrobotec.jpg\",\"width\":700,\"height\":700,\"caption\":\"ddrobotec\u00ae by Dynamic Devices AG\"},\"image\":{\"@id\":\"https:\/\/ddrobotec.com\/ja\/#logo\"}},{\"@type\":\"WebSite\",\"@id\":\"https:\/\/ddrobotec.com\/ja\/#website\",\"url\":\"https:\/\/ddrobotec.com\/ja\/\",\"name\":\"ddrobotec\u00ae\",\"description\":\"by Dynamic Devices\",\"publisher\":{\"@id\":\"https:\/\/ddrobotec.com\/ja\/#organization\"},\"potentialAction\":[{\"@type\":\"SearchAction\",\"target\":{\"@type\":\"EntryPoint\",\"urlTemplate\":\"https:\/\/ddrobotec.com\/ja\/?s={search_term_string}\"},\"query-input\":\"required name=search_term_string\"}],\"inLanguage\":\"de\"},{\"@type\":\"ImageObject\",\"@id\":\"https:\/\/ddrobotec.com\/de\/insights\/#primaryimage\",\"inLanguage\":\"de\",\"url\":\"https:\/\/ddrobotec.com\/wp-content\/uploads\/2024\/10\/Header-Data-Insights-wit-Data-Flower.jpg\",\"contentUrl\":\"https:\/\/ddrobotec.com\/wp-content\/uploads\/2024\/10\/Header-Data-Insights-wit-Data-Flower.jpg\",\"width\":2560,\"height\":1440},{\"@type\":\"WebPage\",\"@id\":\"https:\/\/ddrobotec.com\/de\/insights\/#webpage\",\"url\":\"https:\/\/ddrobotec.com\/de\/insights\/\",\"name\":\"Echtzeit-personalisierte Leistungsanalysen f\u00fcr ddrobotec\u00ae Robotrainer\",\"isPartOf\":{\"@id\":\"https:\/\/ddrobotec.com\/ja\/#website\"},\"primaryImageOfPage\":{\"@id\":\"https:\/\/ddrobotec.com\/de\/insights\/#primaryimage\"},\"datePublished\":\"2022-02-15T16:02:09+00:00\",\"dateModified\":\"2024-10-16T08:11:47+00:00\",\"description\":\"Nutze KI-gest\u00fctzte Analysen, um deine Trainingsstrategien zu verbessern, und verwende Echtzeitdaten, die die Userleistung steigern.\",\"breadcrumb\":{\"@id\":\"https:\/\/ddrobotec.com\/de\/insights\/#breadcrumb\"},\"inLanguage\":\"de\",\"potentialAction\":[{\"@type\":\"ReadAction\",\"target\":[\"https:\/\/ddrobotec.com\/de\/insights\/\"]}]},{\"@type\":\"BreadcrumbList\",\"@id\":\"https:\/\/ddrobotec.com\/de\/insights\/#breadcrumb\",\"itemListElement\":[{\"@type\":\"ListItem\",\"position\":1,\"name\":\"Home\",\"item\":\"https:\/\/ddrobotec.com\/de\/\"},{\"@type\":\"ListItem\",\"position\":2,\"name\":\"Insights\"}]}]}<\/script>\n<!-- \/ Yoast SEO plugin. -->","yoast_head_json":{"title":"Echtzeit-personalisierte Leistungsanalysen f\u00fcr ddrobotec\u00ae Robotrainer","description":"Nutze KI-gest\u00fctzte Analysen, um deine Trainingsstrategien zu verbessern, und verwende Echtzeitdaten, die die Userleistung steigern.","robots":{"index":"noindex","follow":"nofollow"},"og_locale":"de_DE","og_type":"article","og_title":"Echtzeit-personalisierte Leistungsanalysen f\u00fcr ddrobotec\u00ae Robotrainer","og_description":"Nutze KI-gest\u00fctzte Analysen, um deine Trainingsstrategien zu verbessern, und verwende Echtzeitdaten, die die Userleistung steigern.","og_url":"https:\/\/ddrobotec.com\/de\/insights\/","og_site_name":"ddrobotec\u00ae","article_publisher":"https:\/\/www.facebook.com\/ddrobotec\/","article_modified_time":"2024-10-16T08:11:47+00:00","og_image":[{"width":2560,"height":1440,"url":"https:\/\/ddrobotec.com\/wp-content\/uploads\/2024\/10\/Header-Data-Insights-wit-Data-Flower.jpg","type":"image\/jpeg"}],"twitter_card":"summary_large_image","twitter_site":"@ddrobotec","twitter_misc":{"Gesch\u00e4tzte Lesezeit":"2\u00a0Minuten"},"schema":{"@context":"https:\/\/schema.org","@graph":[{"@type":"Organization","@id":"https:\/\/ddrobotec.com\/ja\/#organization","name":"ddrobotec\u00ae by Dynamic Devices AG","url":"https:\/\/ddrobotec.com\/ja\/","sameAs":["https:\/\/www.facebook.com\/ddrobotec\/","https:\/\/www.instagram.com\/ddrobotec\/","https:\/\/www.linkedin.com\/company\/dynamicdevices\/","https:\/\/www.youtube.com\/user\/DynamicDevicesPlus","https:\/\/twitter.com\/ddrobotec"],"logo":{"@type":"ImageObject","@id":"https:\/\/ddrobotec.com\/ja\/#logo","inLanguage":"de","url":"https:\/\/ddrobotec.com\/wp-content\/uploads\/2020\/11\/Logo-ddrobotec.jpg","contentUrl":"https:\/\/ddrobotec.com\/wp-content\/uploads\/2020\/11\/Logo-ddrobotec.jpg","width":700,"height":700,"caption":"ddrobotec\u00ae by Dynamic Devices AG"},"image":{"@id":"https:\/\/ddrobotec.com\/ja\/#logo"}},{"@type":"WebSite","@id":"https:\/\/ddrobotec.com\/ja\/#website","url":"https:\/\/ddrobotec.com\/ja\/","name":"ddrobotec\u00ae","description":"by Dynamic Devices","publisher":{"@id":"https:\/\/ddrobotec.com\/ja\/#organization"},"potentialAction":[{"@type":"SearchAction","target":{"@type":"EntryPoint","urlTemplate":"https:\/\/ddrobotec.com\/ja\/?s={search_term_string}"},"query-input":"required name=search_term_string"}],"inLanguage":"de"},{"@type":"ImageObject","@id":"https:\/\/ddrobotec.com\/de\/insights\/#primaryimage","inLanguage":"de","url":"https:\/\/ddrobotec.com\/wp-content\/uploads\/2024\/10\/Header-Data-Insights-wit-Data-Flower.jpg","contentUrl":"https:\/\/ddrobotec.com\/wp-content\/uploads\/2024\/10\/Header-Data-Insights-wit-Data-Flower.jpg","width":2560,"height":1440},{"@type":"WebPage","@id":"https:\/\/ddrobotec.com\/de\/insights\/#webpage","url":"https:\/\/ddrobotec.com\/de\/insights\/","name":"Echtzeit-personalisierte Leistungsanalysen f\u00fcr ddrobotec\u00ae Robotrainer","isPartOf":{"@id":"https:\/\/ddrobotec.com\/ja\/#website"},"primaryImageOfPage":{"@id":"https:\/\/ddrobotec.com\/de\/insights\/#primaryimage"},"datePublished":"2022-02-15T16:02:09+00:00","dateModified":"2024-10-16T08:11:47+00:00","description":"Nutze KI-gest\u00fctzte Analysen, um deine Trainingsstrategien zu verbessern, und verwende Echtzeitdaten, die die Userleistung steigern.","breadcrumb":{"@id":"https:\/\/ddrobotec.com\/de\/insights\/#breadcrumb"},"inLanguage":"de","potentialAction":[{"@type":"ReadAction","target":["https:\/\/ddrobotec.com\/de\/insights\/"]}]},{"@type":"BreadcrumbList","@id":"https:\/\/ddrobotec.com\/de\/insights\/#breadcrumb","itemListElement":[{"@type":"ListItem","position":1,"name":"Home","item":"https:\/\/ddrobotec.com\/de\/"},{"@type":"ListItem","position":2,"name":"Insights"}]}]}},"_links":{"self":[{"href":"https:\/\/ddrobotec.com\/de\/wp-json\/wp\/v2\/pages\/12802"}],"collection":[{"href":"https:\/\/ddrobotec.com\/de\/wp-json\/wp\/v2\/pages"}],"about":[{"href":"https:\/\/ddrobotec.com\/de\/wp-json\/wp\/v2\/types\/page"}],"author":[{"embeddable":true,"href":"https:\/\/ddrobotec.com\/de\/wp-json\/wp\/v2\/users\/1"}],"replies":[{"embeddable":true,"href":"https:\/\/ddrobotec.com\/de\/wp-json\/wp\/v2\/comments?post=12802"}],"version-history":[{"count":46,"href":"https:\/\/ddrobotec.com\/de\/wp-json\/wp\/v2\/pages\/12802\/revisions"}],"predecessor-version":[{"id":25284,"href":"https:\/\/ddrobotec.com\/de\/wp-json\/wp\/v2\/pages\/12802\/revisions\/25284"}],"wp:attachment":[{"href":"https:\/\/ddrobotec.com\/de\/wp-json\/wp\/v2\/media?parent=12802"}],"curies":[{"name":"wp","href":"https:\/\/api.w.org\/{rel}","templated":true}]}}