{"id":20353,"date":"2023-03-16T15:46:03","date_gmt":"2023-03-16T14:46:03","guid":{"rendered":"https:\/\/ddrobotec.com\/?page_id=20353"},"modified":"2025-09-19T14:20:19","modified_gmt":"2025-09-19T12:20:19","slug":"interview","status":"publish","type":"page","link":"https:\/\/ddrobotec.com\/de\/interview\/","title":{"rendered":"Interview"},"content":{"rendered":"\n<div class=\"wp-block-group padding-gap fullwidth notop is-layout-flow wp-block-group-is-layout-flow\"><div class=\"wp-block-group__inner-container\">\n<h2 class=\"wp-block-heading qa-title\" id=\"h-q-a-mit-ceo-dr-max-lungarella\">Gesundheit neu denken: Fragen &amp; Antworten<\/h2>\n\n\n\n<p><strong>Was ist die Vision von ddrobotec\u00ae?<\/strong><br>Einzelpersonen zu einem ges\u00fcnderen Lebensstil zu bewegen und zu einer gesundheitsbewussten Gesellschaft beizutragen.<\/p>\n\n\n\n<div style=\"height:20px\" aria-hidden=\"true\" class=\"wp-block-spacer\"><\/div>\n\n\n\n<p><strong><strong>Was ist die Mission von ddrobotec\u00ae?<\/strong><\/strong><br>Entwicklung einer umfassenden Plattform f\u00fcr Gesundheitstechnologien, die f\u00fcr alle zug\u00e4nglich ist und es jedem erm\u00f6glicht, die Kontrolle \u00fcber Gesundheit und Wohlbefinden zu \u00fcbernehmen.<\/p>\n\n\n\n<div style=\"height:20px\" aria-hidden=\"true\" class=\"wp-block-spacer\"><\/div>\n\n\n\n<p><strong>An welchen Werten orientiert sich ddrobotec\u00ae?<\/strong><br>Technologie soll immer auch sozial relevant sein. Daher kommt auch unser Motto \u00abmach die Welt zu einem besseren Ort\u00bb.<\/p>\n\n\n\n<div style=\"height:20px\" aria-hidden=\"true\" class=\"wp-block-spacer\"><\/div>\n\n\n\n<p><strong>Was bietet ddrobotec\u00ae seinen Nutzerinnen und Nutzern?<\/strong><br>Bei ddrobotec entwickeln, fertigen und vermarkten wir Roboterger\u00e4te f\u00fcr kognitives, sensomotorisches und k\u00f6rperliches Training. Unsere Trainingsger\u00e4te sind selbstlernende Systeme, die sich an die spezifischen Bed\u00fcrfnisse, das Fitnessniveau und den Fortschritt jeder Nutzerin und jedes Nutzers anpassen. Sie bieten Echtzeit-Leistungsfeedback zu einzelnen Bewegungen und zur gesamten Trainingseinheit. Durch eine vollst\u00e4ndig gamifizierte Benutzeroberfl\u00e4che motivieren und binden unsere Systeme die Nutzer weitaus umfassender als herk\u00f6mmliche Trainingsans\u00e4tze.<\/p>\n\n\n\n<div style=\"height:20px\" aria-hidden=\"true\" class=\"wp-block-spacer\"><\/div>\n\n\n\n<p><strong>Welches grosse Problem adressiert ddrobotec? Was sind die M\u00f6glichkeiten?<\/strong><br>Angesichts der alternden Bev\u00f6lkerung und der Zunahme lebensstilbedingter Krankheiten besteht ein dringender Bedarf an wirksamen Gesundheitsl\u00f6sungen, die akute und chronische Erkrankungen verhindern und behandeln k\u00f6nnen. Aktuelle L\u00f6sungen sind unzureichend, es mangelt ihnen an Engagement und Pr\u00e4zision, und sie k\u00f6nnen die Kosten nicht senken. Unser innovativer muskelzentrierter kognitiver Ansatz zielt darauf ab, diese Marktl\u00fccke zu schliessen.<\/p>\n\n\n\n<div style=\"height:20px\" aria-hidden=\"true\" class=\"wp-block-spacer\"><\/div>\n\n\n\n<p><strong>Was inspiriert euch bei euren Entwicklungen?<\/strong><br>Wir lassen uns von Megatrends inspirieren, welche die Menschen und die globale Gesellschaft ver\u00e4ndern und unser t\u00e4gliches Leben beeinflussen. Dazu z\u00e4hlen beispielsweise&nbsp;die Urbanisierung, Konnektivit\u00e4t, Digitalisierung, Personalisierung, Gesundheit und Pr\u00e4vention. Schauen wir uns&nbsp;beispielsweise die Pr\u00e4vention an: Die Menschen sind viel gesundheitsbewusster geworden und haben hohe Erwartungen an die Gesundheitsdienstleister. Als optimistische&nbsp;\u00abTechnorealisten\u00bb stellen wir uns eine Zukunft vor, in der wir mit Hilfe intelligenter Maschinen unsere Unabh\u00e4ngigkeit und W\u00fcrde ein Leben lang bewahren k\u00f6nnen.<\/p>\n\n\n\n<div style=\"height:20px\" aria-hidden=\"true\" class=\"wp-block-spacer\"><\/div>\n\n\n\n<p><strong>Wer benutzt die Roboter-Personal Trainers?<\/strong><br>Durch ein spielerisches Benutzererlebnis erm\u00f6glichen unsere Roboter-Personal Trainers erstmals ein hochintensives Krafttraining, das gleichzeitig effektiv, unterhaltsam und fesselnd ist. Egal ob Freizeitsportler oder Profisportlerin, MS-Patient, Journalist, Hausfrau oder Teenager, unsere robotischen Personal Trainers ermutigen jede Person, an personalisierten Trainingsprogrammen mit hoher Intensit\u00e4t teilzunehmen, um die Kognition und Wahrnehmung zu verbessern, Muskeln aufzubauen und die Kraft zu steigern.<\/p>\n\n\n\n<div style=\"height:20px\" aria-hidden=\"true\" class=\"wp-block-spacer\"><\/div>\n\n\n\n<p><strong>Weshalb sollen gesunde Menschen Roboter verwenden? Warum drinnen trainieren? Ist k\u00f6rperliche Aktivit\u00e4t im Freien nicht viel besser?<\/strong><br>Wir h\u00f6ren das oft. Ja, das ist korrekt. Gehen, Laufen, Schwimmen, Radfahren, Skifahren und Wandern sind grossartige k\u00f6rperliche Aktivit\u00e4ten im Freien. Sie revitalisieren, energetisieren, verringern Spannungen, reduzieren angestauten Stress&nbsp;und&nbsp;\u00c4rger und bek\u00e4mpfen Depressionen. Leider hat nicht jeder das Gl\u00fcck, in Fahrradreichweite von einem Wald oder einem Berg zu leben. So \u00fcberrascht es nicht, dass k\u00f6rperliche Inaktivit\u00e4t j\u00e4hrlich weltweit Millionen von Todesf\u00e4llen verursacht. Die zunehmende Urbanisierung, eine \u00e4lter werdende Bev\u00f6lkerung und ein weit verbreiteter Zeitmangel versch\u00e4rfen diesen Trend. Daher besteht die grosse Herausforderung darin, Menschen zu motivieren, k\u00f6rperlich aktiv zu bleiben und gleichzeitig die Zeit effizient zu nutzen. Diese Herausforderung ist extrem anspruchsvoll. Wir sind \u00fcberzeugt, dass Roboter helfen k\u00f6nnen.<\/p>\n\n\n\n<div style=\"height:20px\" aria-hidden=\"true\" class=\"wp-block-spacer\"><\/div>\n\n\n\n<p><strong>Welche Rolle spielt die exponentielle Technologie f\u00fcr das Gesundheitssystem?<\/strong><br>Unsere Robotik hat das Potenzial, die Gesundheitsversorgung im 21. Jahrhundert zu revolutionieren. Zun\u00e4chst einmal k\u00f6nnen unsere robotischen Personal Trainers halbautonom oder in Remote-Zusammenarbeit mit einem Trainer oder einer medizinischen Fachkraft arbeiten. Mit anderen Worten, Roboter haben das Potenzial, den Wirkungsbereich und die Effizienz des Trainers zu erh\u00f6hen, und k\u00f6nnen so die Kosten f\u00fcr die Pflege drastisch senken, w\u00e4hrend sie die Qualit\u00e4t erhalten oder gar erh\u00f6hen. Dar\u00fcber hinaus erm\u00f6glicht robotergest\u00fctztes Tele-Training den Gesundheitsdienstleistern folgendes: erstens die Verlagerung der Behandlung weg von teuren Krankenhausstandorten und zweitens die Ausdehnung des&nbsp;Versorgungszugangs auf unterversorgte Gemeinden. Und zu guter Letzt k\u00f6nnen Roboter in Zeiten extremer Belastung des Gesundheitssystems&nbsp;\u2013&nbsp;wie etwa w\u00e4hrend der COVID-19-Pandemie&nbsp;\u2013&nbsp;das Risiko der \u00dcbertragung von Infektionskrankheiten auf das Gesundheitspersonal deutlich verringern, indem sie das Training und die Untersuchung von Personen aus sicherer Entfernung erm\u00f6glichen.<\/p>\n<\/div><\/div>\n\n\n\n<div style=\"height:20px\" aria-hidden=\"true\" class=\"wp-block-spacer\"><\/div>\n\n\n\n<h3 class=\"wp-block-heading has-text-align-center has-large-font-size\"><strong>Redesigning Healthspan: Exploring Longevity, Robotics &amp; AI\u2028<\/strong><\/h3>\n\n\n\n<div style=\"height:20px\" aria-hidden=\"true\" class=\"wp-block-spacer\"><\/div>\n\n\n\n<div class=\"wp-block-columns is-layout-flex wp-container-core-columns-layout-1 wp-block-columns-is-layout-flex\">\n<div class=\"wp-block-column is-layout-flow wp-block-column-is-layout-flow\" style=\"flex-basis:25%\"><\/div>\n\n\n\n<div class=\"wp-block-column is-layout-flow wp-block-column-is-layout-flow\" style=\"flex-basis:50%\"><div class=\"wp-block-image\">\n<figure class=\"aligncenter size-full\"><img loading=\"lazy\" decoding=\"async\" width=\"1000\" height=\"984\" src=\"https:\/\/ddrobotec.com\/wp-content\/uploads\/2025\/09\/Tech-and-Thrive.png\" alt=\"\" class=\"wp-image-26218\" srcset=\"https:\/\/ddrobotec.com\/wp-content\/uploads\/2025\/09\/Tech-and-Thrive.png 1000w, https:\/\/ddrobotec.com\/wp-content\/uploads\/2025\/09\/Tech-and-Thrive-300x295.png 300w\" sizes=\"(max-width: 1000px) 100vw, 1000px\" \/><\/figure><\/div><\/div>\n\n\n\n<div class=\"wp-block-column is-layout-flow wp-block-column-is-layout-flow\" style=\"flex-basis:25%\"><\/div>\n<\/div>\n\n\n\n<div class=\"wp-block-columns is-layout-flex wp-container-core-columns-layout-2 wp-block-columns-is-layout-flex\">\n<div class=\"wp-block-column is-layout-flow wp-block-column-is-layout-flow\" style=\"flex-basis:25%\"><\/div>\n\n\n\n<div class=\"wp-block-column is-layout-flow wp-block-column-is-layout-flow\" style=\"flex-basis:50%\"><\/div>\n\n\n\n<div class=\"wp-block-column is-layout-flow wp-block-column-is-layout-flow\" style=\"flex-basis:25%\"><\/div>\n<\/div>\n\n\n\n<div style=\"height:20px\" aria-hidden=\"true\" class=\"wp-block-spacer\"><\/div>\n\n\n\n<div class=\"wp-block-columns is-layout-flex wp-container-core-columns-layout-3 wp-block-columns-is-layout-flex\">\n<div class=\"wp-block-column is-layout-flow wp-block-column-is-layout-flow\" style=\"flex-basis:25%\"><\/div>\n\n\n\n<div class=\"wp-block-column is-layout-flow wp-block-column-is-layout-flow\" style=\"flex-basis:50%\">\n<p class=\"has-text-align-center\">Im <strong>TECH &amp; THRIVE Podcast by Kimiana<\/strong> sprechen Kimia und Kiana Kiser mit Max Lungarella \u00fcber die Rolle von Robotik und KI f\u00fcr Gesundheit und Langlebigkeit.<\/p>\n\n\n\n<p class=\"has-text-align-center\">(In Englisch)<\/p>\n<\/div>\n\n\n\n<div class=\"wp-block-column is-layout-flow wp-block-column-is-layout-flow\" style=\"flex-basis:25%\"><\/div>\n<\/div>\n\n\n\n<div style=\"height:30px\" aria-hidden=\"true\" class=\"wp-block-spacer\"><\/div>\n\n\n\n<div class=\"wp-block-buttons center-out is-content-justification-center is-layout-flex wp-container-core-buttons-layout-1 wp-block-buttons-is-layout-flex\">\n<div class=\"wp-block-button dd-button-blue center-out\"><a class=\"wp-block-button__link has-text-align-center wp-element-button\" href=\"https:\/\/open.spotify.com\/episode\/4TKDJHNFTRuVveJf0lSPw8\" target=\"_blank\" rel=\"noreferrer noopener\">Jetzt Podcast h\u00f6ren<\/a><\/div>\n<\/div>\n\n\n\n<div style=\"height:50px\" aria-hidden=\"true\" class=\"wp-block-spacer\"><\/div>\n\n\n\n<h3 class=\"wp-block-heading has-text-align-center has-large-font-size\"><strong>ddrobotec\u00ae <\/strong>Werte<\/h3>\n\n\n\n<p class=\"has-text-align-center\">Dynamisch, geistreich, neugierig, zupackend und positiv denkend.<\/p>\n\n\n\n<p class=\"has-text-align-center\">(In Englisch)<\/p>\n\n\n\n<div style=\"height:30px\" aria-hidden=\"true\" class=\"wp-block-spacer\"><\/div>\n\n\n\n<div class=\"wp-block-buttons center-out is-content-justification-center is-layout-flex wp-container-core-buttons-layout-2 wp-block-buttons-is-layout-flex\">\n<div class=\"wp-block-button dd-button-blue center-out\"><a class=\"wp-block-button__link has-text-align-center wp-element-button\" href=\"https:\/\/ddrobotec.com\/values\/\">Mehr erfahren<\/a><\/div>\n<\/div>\n\n\n\n<div style=\"height:40px\" aria-hidden=\"true\" class=\"wp-block-spacer\"><\/div>\n","protected":false},"excerpt":{"rendered":"<p>Gesundheit neu denken: Fragen &amp; Antworten Was ist die Vision von ddrobotec\u00ae?Einzelpersonen zu einem ges\u00fcnderen Lebensstil zu bewegen und zu einer gesundheitsbewussten Gesellschaft beizutragen. Was ist die Mission von ddrobotec\u00ae?Entwicklung einer umfassenden Plattform f\u00fcr Gesundheitstechnologien, die f\u00fcr alle zug\u00e4nglich ist und es jedem erm\u00f6glicht, die Kontrolle \u00fcber Gesundheit und Wohlbefinden zu \u00fcbernehmen. An welchen Werten <a href=\"https:\/\/ddrobotec.com\/de\/interview\/\" class=\"more-link\">&#8230;<\/a><\/p>\n","protected":false},"author":1,"featured_media":0,"parent":0,"menu_order":0,"comment_status":"closed","ping_status":"closed","template":"","meta":{"_acf_changed":false,"footnotes":""},"acf":[],"yoast_head":"<!-- This site is optimized with the Yoast SEO plugin v18.6 - https:\/\/yoast.com\/wordpress\/plugins\/seo\/ -->\n<title>Interview mit Dr. Max Lungarella, CEO von ddrobotec\u00ae<\/title>\n<meta name=\"description\" content=\"Ein Interview \u00fcber eine gesundheitsbewusste Gesellschaft, orientiert an globalen Megatrends, f\u00fcr lebenslange Unabh\u00e4ngigkeit und W\u00fcrde.\" \/>\n<meta name=\"robots\" content=\"index, follow, max-snippet:-1, max-image-preview:large, max-video-preview:-1\" \/>\n<link rel=\"canonical\" href=\"https:\/\/ddrobotec.com\/de\/interview\/\" \/>\n<meta property=\"og:locale\" content=\"de_DE\" \/>\n<meta property=\"og:type\" content=\"article\" \/>\n<meta property=\"og:title\" content=\"Interview mit Dr. Max Lungarella, CEO von ddrobotec\u00ae\" \/>\n<meta property=\"og:description\" content=\"Ein Interview \u00fcber eine gesundheitsbewusste Gesellschaft, orientiert an globalen Megatrends, f\u00fcr lebenslange Unabh\u00e4ngigkeit und W\u00fcrde.\" \/>\n<meta property=\"og:url\" content=\"https:\/\/ddrobotec.com\/de\/interview\/\" \/>\n<meta property=\"og:site_name\" content=\"ddrobotec\u00ae\" \/>\n<meta property=\"article:publisher\" content=\"https:\/\/www.facebook.com\/ddrobotec\/\" \/>\n<meta property=\"article:modified_time\" content=\"2025-09-19T12:20:19+00:00\" \/>\n<meta property=\"og:image\" content=\"https:\/\/ddrobotec.com\/wp-content\/uploads\/2025\/09\/Tech-and-Thrive.png\" \/>\n<meta name=\"twitter:card\" content=\"summary_large_image\" \/>\n<meta name=\"twitter:site\" content=\"@ddrobotec\" \/>\n<meta name=\"twitter:label1\" content=\"Gesch\u00e4tzte Lesezeit\" \/>\n\t<meta name=\"twitter:data1\" content=\"4\u00a0Minuten\" \/>\n<script type=\"application\/ld+json\" class=\"yoast-schema-graph\">{\"@context\":\"https:\/\/schema.org\",\"@graph\":[{\"@type\":\"Organization\",\"@id\":\"https:\/\/ddrobotec.com\/ja\/#organization\",\"name\":\"ddrobotec\u00ae by Dynamic Devices AG\",\"url\":\"https:\/\/ddrobotec.com\/ja\/\",\"sameAs\":[\"https:\/\/www.facebook.com\/ddrobotec\/\",\"https:\/\/www.instagram.com\/ddrobotec\/\",\"https:\/\/www.linkedin.com\/company\/dynamicdevices\/\",\"https:\/\/www.youtube.com\/user\/DynamicDevicesPlus\",\"https:\/\/twitter.com\/ddrobotec\"],\"logo\":{\"@type\":\"ImageObject\",\"@id\":\"https:\/\/ddrobotec.com\/ja\/#logo\",\"inLanguage\":\"de\",\"url\":\"https:\/\/ddrobotec.com\/wp-content\/uploads\/2020\/11\/Logo-ddrobotec.jpg\",\"contentUrl\":\"https:\/\/ddrobotec.com\/wp-content\/uploads\/2020\/11\/Logo-ddrobotec.jpg\",\"width\":700,\"height\":700,\"caption\":\"ddrobotec\u00ae by Dynamic Devices AG\"},\"image\":{\"@id\":\"https:\/\/ddrobotec.com\/ja\/#logo\"}},{\"@type\":\"WebSite\",\"@id\":\"https:\/\/ddrobotec.com\/ja\/#website\",\"url\":\"https:\/\/ddrobotec.com\/ja\/\",\"name\":\"ddrobotec\u00ae\",\"description\":\"by Dynamic Devices\",\"publisher\":{\"@id\":\"https:\/\/ddrobotec.com\/ja\/#organization\"},\"potentialAction\":[{\"@type\":\"SearchAction\",\"target\":{\"@type\":\"EntryPoint\",\"urlTemplate\":\"https:\/\/ddrobotec.com\/ja\/?s={search_term_string}\"},\"query-input\":\"required name=search_term_string\"}],\"inLanguage\":\"de\"},{\"@type\":\"ImageObject\",\"@id\":\"https:\/\/ddrobotec.com\/de\/interview\/#primaryimage\",\"inLanguage\":\"de\",\"url\":\"https:\/\/ddrobotec.com\/wp-content\/uploads\/2025\/09\/Tech-and-Thrive.png\",\"contentUrl\":\"https:\/\/ddrobotec.com\/wp-content\/uploads\/2025\/09\/Tech-and-Thrive.png\",\"width\":1000,\"height\":984},{\"@type\":\"WebPage\",\"@id\":\"https:\/\/ddrobotec.com\/de\/interview\/#webpage\",\"url\":\"https:\/\/ddrobotec.com\/de\/interview\/\",\"name\":\"Interview mit Dr. Max Lungarella, CEO von ddrobotec\u00ae\",\"isPartOf\":{\"@id\":\"https:\/\/ddrobotec.com\/ja\/#website\"},\"primaryImageOfPage\":{\"@id\":\"https:\/\/ddrobotec.com\/de\/interview\/#primaryimage\"},\"datePublished\":\"2023-03-16T14:46:03+00:00\",\"dateModified\":\"2025-09-19T12:20:19+00:00\",\"description\":\"Ein Interview \u00fcber eine gesundheitsbewusste Gesellschaft, orientiert an globalen Megatrends, f\u00fcr lebenslange Unabh\u00e4ngigkeit und W\u00fcrde.\",\"breadcrumb\":{\"@id\":\"https:\/\/ddrobotec.com\/de\/interview\/#breadcrumb\"},\"inLanguage\":\"de\",\"potentialAction\":[{\"@type\":\"ReadAction\",\"target\":[\"https:\/\/ddrobotec.com\/de\/interview\/\"]}]},{\"@type\":\"BreadcrumbList\",\"@id\":\"https:\/\/ddrobotec.com\/de\/interview\/#breadcrumb\",\"itemListElement\":[{\"@type\":\"ListItem\",\"position\":1,\"name\":\"Home\",\"item\":\"https:\/\/ddrobotec.com\/de\/\"},{\"@type\":\"ListItem\",\"position\":2,\"name\":\"Interview\"}]}]}<\/script>\n<!-- \/ Yoast SEO plugin. -->","yoast_head_json":{"title":"Interview mit Dr. Max Lungarella, CEO von ddrobotec\u00ae","description":"Ein Interview \u00fcber eine gesundheitsbewusste Gesellschaft, orientiert an globalen Megatrends, f\u00fcr lebenslange Unabh\u00e4ngigkeit und W\u00fcrde.","robots":{"index":"index","follow":"follow","max-snippet":"max-snippet:-1","max-image-preview":"max-image-preview:large","max-video-preview":"max-video-preview:-1"},"canonical":"https:\/\/ddrobotec.com\/de\/interview\/","og_locale":"de_DE","og_type":"article","og_title":"Interview mit Dr. Max Lungarella, CEO von ddrobotec\u00ae","og_description":"Ein Interview \u00fcber eine gesundheitsbewusste Gesellschaft, orientiert an globalen Megatrends, f\u00fcr lebenslange Unabh\u00e4ngigkeit und W\u00fcrde.","og_url":"https:\/\/ddrobotec.com\/de\/interview\/","og_site_name":"ddrobotec\u00ae","article_publisher":"https:\/\/www.facebook.com\/ddrobotec\/","article_modified_time":"2025-09-19T12:20:19+00:00","og_image":[{"url":"https:\/\/ddrobotec.com\/wp-content\/uploads\/2025\/09\/Tech-and-Thrive.png"}],"twitter_card":"summary_large_image","twitter_site":"@ddrobotec","twitter_misc":{"Gesch\u00e4tzte Lesezeit":"4\u00a0Minuten"},"schema":{"@context":"https:\/\/schema.org","@graph":[{"@type":"Organization","@id":"https:\/\/ddrobotec.com\/ja\/#organization","name":"ddrobotec\u00ae by Dynamic Devices AG","url":"https:\/\/ddrobotec.com\/ja\/","sameAs":["https:\/\/www.facebook.com\/ddrobotec\/","https:\/\/www.instagram.com\/ddrobotec\/","https:\/\/www.linkedin.com\/company\/dynamicdevices\/","https:\/\/www.youtube.com\/user\/DynamicDevicesPlus","https:\/\/twitter.com\/ddrobotec"],"logo":{"@type":"ImageObject","@id":"https:\/\/ddrobotec.com\/ja\/#logo","inLanguage":"de","url":"https:\/\/ddrobotec.com\/wp-content\/uploads\/2020\/11\/Logo-ddrobotec.jpg","contentUrl":"https:\/\/ddrobotec.com\/wp-content\/uploads\/2020\/11\/Logo-ddrobotec.jpg","width":700,"height":700,"caption":"ddrobotec\u00ae by Dynamic Devices AG"},"image":{"@id":"https:\/\/ddrobotec.com\/ja\/#logo"}},{"@type":"WebSite","@id":"https:\/\/ddrobotec.com\/ja\/#website","url":"https:\/\/ddrobotec.com\/ja\/","name":"ddrobotec\u00ae","description":"by Dynamic Devices","publisher":{"@id":"https:\/\/ddrobotec.com\/ja\/#organization"},"potentialAction":[{"@type":"SearchAction","target":{"@type":"EntryPoint","urlTemplate":"https:\/\/ddrobotec.com\/ja\/?s={search_term_string}"},"query-input":"required name=search_term_string"}],"inLanguage":"de"},{"@type":"ImageObject","@id":"https:\/\/ddrobotec.com\/de\/interview\/#primaryimage","inLanguage":"de","url":"https:\/\/ddrobotec.com\/wp-content\/uploads\/2025\/09\/Tech-and-Thrive.png","contentUrl":"https:\/\/ddrobotec.com\/wp-content\/uploads\/2025\/09\/Tech-and-Thrive.png","width":1000,"height":984},{"@type":"WebPage","@id":"https:\/\/ddrobotec.com\/de\/interview\/#webpage","url":"https:\/\/ddrobotec.com\/de\/interview\/","name":"Interview mit Dr. Max Lungarella, CEO von ddrobotec\u00ae","isPartOf":{"@id":"https:\/\/ddrobotec.com\/ja\/#website"},"primaryImageOfPage":{"@id":"https:\/\/ddrobotec.com\/de\/interview\/#primaryimage"},"datePublished":"2023-03-16T14:46:03+00:00","dateModified":"2025-09-19T12:20:19+00:00","description":"Ein Interview \u00fcber eine gesundheitsbewusste Gesellschaft, orientiert an globalen Megatrends, f\u00fcr lebenslange Unabh\u00e4ngigkeit und W\u00fcrde.","breadcrumb":{"@id":"https:\/\/ddrobotec.com\/de\/interview\/#breadcrumb"},"inLanguage":"de","potentialAction":[{"@type":"ReadAction","target":["https:\/\/ddrobotec.com\/de\/interview\/"]}]},{"@type":"BreadcrumbList","@id":"https:\/\/ddrobotec.com\/de\/interview\/#breadcrumb","itemListElement":[{"@type":"ListItem","position":1,"name":"Home","item":"https:\/\/ddrobotec.com\/de\/"},{"@type":"ListItem","position":2,"name":"Interview"}]}]}},"_links":{"self":[{"href":"https:\/\/ddrobotec.com\/de\/wp-json\/wp\/v2\/pages\/20353"}],"collection":[{"href":"https:\/\/ddrobotec.com\/de\/wp-json\/wp\/v2\/pages"}],"about":[{"href":"https:\/\/ddrobotec.com\/de\/wp-json\/wp\/v2\/types\/page"}],"author":[{"embeddable":true,"href":"https:\/\/ddrobotec.com\/de\/wp-json\/wp\/v2\/users\/1"}],"replies":[{"embeddable":true,"href":"https:\/\/ddrobotec.com\/de\/wp-json\/wp\/v2\/comments?post=20353"}],"version-history":[{"count":20,"href":"https:\/\/ddrobotec.com\/de\/wp-json\/wp\/v2\/pages\/20353\/revisions"}],"predecessor-version":[{"id":26242,"href":"https:\/\/ddrobotec.com\/de\/wp-json\/wp\/v2\/pages\/20353\/revisions\/26242"}],"wp:attachment":[{"href":"https:\/\/ddrobotec.com\/de\/wp-json\/wp\/v2\/media?parent=20353"}],"curies":[{"name":"wp","href":"https:\/\/api.w.org\/{rel}","templated":true}]}}