{"id":5177,"date":"2020-11-04T10:50:09","date_gmt":"2020-11-04T10:50:09","guid":{"rendered":"https:\/\/ddrobotec.com\/?page_id=5177"},"modified":"2020-11-23T08:04:30","modified_gmt":"2020-11-23T07:04:30","slug":"privacy-policy","status":"publish","type":"page","link":"https:\/\/ddrobotec.com\/de\/privacy-policy\/","title":{"rendered":"Datenschutz"},"content":{"rendered":"\n<h2 class=\"has-text-align-center wp-block-heading\">Datenschutz<\/h2>\n\n\n\n<div class=\"wp-block-group center-group\"><div class=\"wp-block-group__inner-container is-layout-flow wp-block-group-is-layout-flow\">\n<p><strong>Grundlegende Informationen<\/strong><\/p>\n\n\n\n<p>Diese Erkl\u00e4rung zum Datenschutz soll die Besucher*innen dieser Website \u00fcber Art, Umfang und Zwecke der Erhebung und Verwendung personenbezogener Daten durch die Betreiber der Website Dynamic Devices AG informieren.<\/p>\n\n\n\n<p>Die Betreiber dieser Website nehmen Datenschutz sehr ernst und behandeln deine pers\u00f6nlichen Daten vertraulich und in \u00dcbereinstimmung mit den Bestimmungen von Artikel 13 der Bundesverfassung und den Datenschutzbestimmungen der Bundesregierung (Bundesgesetz \u00fcber den Datenschutz, BDSG). Da neue Technologien und die st\u00e4ndige Weiterentwicklung dieser Website zu \u00c4nderungen dieser Datenschutzerkl\u00e4rung f\u00fchren k\u00f6nnen, empfehlen wir dir, die Datenschutzerkl\u00e4rung in regelm\u00e4ssigen Abst\u00e4nden erneut zu lesen.<\/p>\n\n\n\n<p>Definitionen der hier verwendeten Begriffe (z. B. \u00abPersonenbezogene Daten\u00bb oder \u00abVerarbeitung\u00bb) findest du unter <a href=\"https:\/\/gdpr-info.eu\/art-4-gdpr\/\" target=\"_blank\" rel=\"noreferrer noopener\">Artikel 4 DSGVO<\/a>.<\/p>\n\n\n\n<div style=\"height:40px\" aria-hidden=\"true\" class=\"wp-block-spacer\"><\/div>\n\n\n\n<p><strong>Zugriff auf Daten<\/strong><\/p>\n\n\n\n<p>Wir, der Betreiber der Webseite, erheben Daten \u00fcber den Zugang zur Webseite auf der Grundlage unseres berechtigten Interesses (siehe <a href=\"https:\/\/gdpr-info.eu\/art-6-gdpr\/\" target=\"_blank\" rel=\"noreferrer noopener\">Artikel. 6 par. 1 lit. f. DSGVO<\/a>) und speichern diese als \u00abServer-Logdateien\u00bb auf dem Server der Website. Die folgenden Daten werden auf diese Weise protokolliert:<\/p>\n\n\n\n<ul><li>Besuchte Webseite<\/li><li>Zeitpunkt des Zugangs<\/li><li>Menge der gesendeten Daten in Bytes<\/li><li>Quelle\/Referenz, von der aus Sie auf die Seite zugegriffen haben<\/li><li>Verwendeter Browser<\/li><li>Verwendetes Betriebssystem<\/li><li>Verwendete IP-Adresse<\/li><\/ul>\n\n\n\n<p>Die Serverprotokolldateien werden maximal 7 Tage lang gespeichert und anschliessend gel\u00f6scht. Die Daten werden aus Gr\u00fcnden der Sicherheit wie z. B. zur Kl\u00e4rung von F\u00e4llen einer missbr\u00e4uchlichen Nutzung gespeichert. Wenn Daten gel\u00f6scht werden m\u00fcssen, bleiben die Daten, die als Beweismittel dienen, vom L\u00f6schen ausgenommen, bis das zugrundeliegende Ereignis endg\u00fcltig gekl\u00e4rt ist.<\/p>\n\n\n\n<p> <\/p>\n\n\n\n<div style=\"height:40px\" aria-hidden=\"true\" class=\"wp-block-spacer\"><\/div>\n\n\n\n<p><strong>Reichweitenmessung und Cookies<\/strong>F\u00fcr die anonymisierte Reichweitenmessung verwendet diese Webseite Cookies, die entweder von unserem Server oder dem Server eines Dritten an den Browser des Benutzers \u00fcbermittelt werden. Cookies sind kleine Dateien, die auf deinem Endger\u00e4t gespeichert werden. Dein Browser greift auf diese Dateien zu. Die Verwendung von Cookies erh\u00f6ht die Benutzerfreundlichkeit und Sicherheit dieser Webseite.<br>Cookies sind einfache Textdateien (keine ausf\u00fchrbaren Programme) und stellen kein Risiko f\u00fcr deinen Computer dar. Dar\u00fcber hinaus werden in den von der Dynamic Devices AG verwendeten Cookies keine personenbezogenen Daten gespeichert.<\/p>\n\n\n\n<p>Wenn du nicht m\u00f6chtest, dass Cookies zur Reichweitenmessung auf deinem Endger\u00e4t gespeichert werden, kannst du der Nutzung dieser Dateien hier widersprechen:<\/p>\n\n\n\n<ul><li>Cookie-Deaktivierungsseite der Netzwerkwerbeinitiative: <a href=\"http:\/\/optout.networkadvertising.org\/?c=1#!\/\">http:\/\/optout.networkadvertising.org\/?c=1#!\/<\/a><\/li><li>Cookie-Deaktivierungsseite der US-Webseite: <a href=\"http:\/\/optout.aboutads.info\/?c=2#!\/\">http:\/\/optout.aboutads.info\/?c=2#!\/<\/a><\/li><li>Cookie-Deaktivierungsseite der europ\u00e4ischen Webseite: <a href=\"http:\/\/optout.networkadvertising.org\/?c=1#!\/\">http:\/\/optout.networkadvertising.org\/?c=1#!\/<\/a><\/li><\/ul>\n\n\n\n<p>G\u00e4ngige Browser bieten die Einstellm\u00f6glichkeit, keine Cookies zu akzeptieren. Hinweis: Es ist nicht gew\u00e4hrleistet, dass du auf alle Funktionen dieser Webseite ohne Einschr\u00e4nkungen zugreifen kannst, wenn du die entsprechenden Einstellungen vornimmst.<\/p>\n\n\n\n<div style=\"height:40px\" aria-hidden=\"true\" class=\"wp-block-spacer\"><\/div>\n\n\n\n<p><strong>Erhebung und Verarbeitung pers\u00f6nlicher Daten<\/strong><\/p>\n\n\n\n<p>Der Betreiber der Webseite erhebt, verwendet und gibt deine personenbezogenen Daten nur dann weiter, falls dies gesetzlich erlaubt ist oder Sie der Datenerhebung zustimmen.<\/p>\n\n\n\n<p>Personenbezogene Daten sind jegliche Daten, die zur Identifizierung deiner Person verwendet werden und die auf dich zur\u00fcckgef\u00fchrt werden k\u00f6nnen, wie beispielsweise dei Name, deine E-Mail-Adresse und deine Telefonnummer.<\/p>\n\n\n\n<p>Du kannst diese Webseite auch ohne die Angabe personenbezogener Daten besuchen. Um jedoch unser Online-Angebot zu verbessern, speichern wir Ihre Zugangsdaten auf diese Webseite (ohne pers\u00f6nliche Referenz). Diese Zugangsdaten sind zum Beispiel die von dir angeforderte Datei oder der Name deines Internetzugangsanbieters. Durch die Anonymisierung der Daten ist es nicht m\u00f6glich, R\u00fcckschl\u00fcsse auf deine Person zu ziehen.<\/p>\n<\/div><\/div>\n\n\n\n<p><\/p>\n","protected":false},"excerpt":{"rendered":"<p>Datenschutz Grundlegende Informationen Diese Erkl\u00e4rung zum Datenschutz soll die Besucher*innen dieser Website \u00fcber Art, Umfang und Zwecke der Erhebung und Verwendung personenbezogener Daten durch die Betreiber der Website Dynamic Devices AG informieren. Die Betreiber dieser Website nehmen Datenschutz sehr ernst und behandeln deine pers\u00f6nlichen Daten vertraulich und in \u00dcbereinstimmung mit den Bestimmungen von Artikel 13 <a href=\"https:\/\/ddrobotec.com\/de\/privacy-policy\/\" class=\"more-link\">&#8230;<\/a><\/p>\n","protected":false},"author":1,"featured_media":0,"parent":0,"menu_order":0,"comment_status":"closed","ping_status":"open","template":"","meta":{"_acf_changed":false,"footnotes":""},"acf":[],"yoast_head":"<!-- This site is optimized with the Yoast SEO plugin v18.6 - https:\/\/yoast.com\/wordpress\/plugins\/seo\/ -->\n<title>Datenschutz | ddrobotec\u00ae<\/title>\n<meta name=\"robots\" content=\"index, follow, max-snippet:-1, max-image-preview:large, max-video-preview:-1\" \/>\n<link rel=\"canonical\" href=\"https:\/\/ddrobotec.com\/de\/privacy-policy\/\" \/>\n<meta property=\"og:locale\" content=\"de_DE\" \/>\n<meta property=\"og:type\" content=\"article\" \/>\n<meta property=\"og:title\" content=\"Datenschutz | ddrobotec\u00ae\" \/>\n<meta property=\"og:description\" content=\"Datenschutz Grundlegende Informationen Diese Erkl\u00e4rung zum Datenschutz soll die Besucher*innen dieser Website \u00fcber Art, Umfang und Zwecke der Erhebung und Verwendung personenbezogener Daten durch die Betreiber der Website Dynamic Devices AG informieren. Die Betreiber dieser Website nehmen Datenschutz sehr ernst und behandeln deine pers\u00f6nlichen Daten vertraulich und in \u00dcbereinstimmung mit den Bestimmungen von Artikel 13 ...\" \/>\n<meta property=\"og:url\" content=\"https:\/\/ddrobotec.com\/de\/privacy-policy\/\" \/>\n<meta property=\"og:site_name\" content=\"ddrobotec\u00ae\" \/>\n<meta property=\"article:publisher\" content=\"https:\/\/www.facebook.com\/ddrobotec\/\" \/>\n<meta property=\"article:modified_time\" content=\"2020-11-23T07:04:30+00:00\" \/>\n<meta name=\"twitter:card\" content=\"summary_large_image\" \/>\n<meta name=\"twitter:site\" content=\"@ddrobotec\" \/>\n<meta name=\"twitter:label1\" content=\"Gesch\u00e4tzte Lesezeit\" \/>\n\t<meta name=\"twitter:data1\" content=\"3\u00a0Minuten\" \/>\n<script type=\"application\/ld+json\" class=\"yoast-schema-graph\">{\"@context\":\"https:\/\/schema.org\",\"@graph\":[{\"@type\":\"Organization\",\"@id\":\"https:\/\/ddrobotec.com\/ja\/#organization\",\"name\":\"ddrobotec\u00ae by Dynamic Devices AG\",\"url\":\"https:\/\/ddrobotec.com\/ja\/\",\"sameAs\":[\"https:\/\/www.facebook.com\/ddrobotec\/\",\"https:\/\/www.instagram.com\/ddrobotec\/\",\"https:\/\/www.linkedin.com\/company\/dynamicdevices\/\",\"https:\/\/www.youtube.com\/user\/DynamicDevicesPlus\",\"https:\/\/twitter.com\/ddrobotec\"],\"logo\":{\"@type\":\"ImageObject\",\"@id\":\"https:\/\/ddrobotec.com\/ja\/#logo\",\"inLanguage\":\"de\",\"url\":\"https:\/\/ddrobotec.com\/wp-content\/uploads\/2020\/11\/Logo-ddrobotec.jpg\",\"contentUrl\":\"https:\/\/ddrobotec.com\/wp-content\/uploads\/2020\/11\/Logo-ddrobotec.jpg\",\"width\":700,\"height\":700,\"caption\":\"ddrobotec\u00ae by Dynamic Devices AG\"},\"image\":{\"@id\":\"https:\/\/ddrobotec.com\/ja\/#logo\"}},{\"@type\":\"WebSite\",\"@id\":\"https:\/\/ddrobotec.com\/ja\/#website\",\"url\":\"https:\/\/ddrobotec.com\/ja\/\",\"name\":\"ddrobotec\u00ae\",\"description\":\"by Dynamic Devices\",\"publisher\":{\"@id\":\"https:\/\/ddrobotec.com\/ja\/#organization\"},\"potentialAction\":[{\"@type\":\"SearchAction\",\"target\":{\"@type\":\"EntryPoint\",\"urlTemplate\":\"https:\/\/ddrobotec.com\/ja\/?s={search_term_string}\"},\"query-input\":\"required name=search_term_string\"}],\"inLanguage\":\"de\"},{\"@type\":\"WebPage\",\"@id\":\"https:\/\/ddrobotec.com\/de\/privacy-policy\/#webpage\",\"url\":\"https:\/\/ddrobotec.com\/de\/privacy-policy\/\",\"name\":\"Datenschutz | ddrobotec\u00ae\",\"isPartOf\":{\"@id\":\"https:\/\/ddrobotec.com\/ja\/#website\"},\"datePublished\":\"2020-11-04T10:50:09+00:00\",\"dateModified\":\"2020-11-23T07:04:30+00:00\",\"breadcrumb\":{\"@id\":\"https:\/\/ddrobotec.com\/de\/privacy-policy\/#breadcrumb\"},\"inLanguage\":\"de\",\"potentialAction\":[{\"@type\":\"ReadAction\",\"target\":[\"https:\/\/ddrobotec.com\/de\/privacy-policy\/\"]}]},{\"@type\":\"BreadcrumbList\",\"@id\":\"https:\/\/ddrobotec.com\/de\/privacy-policy\/#breadcrumb\",\"itemListElement\":[{\"@type\":\"ListItem\",\"position\":1,\"name\":\"Home\",\"item\":\"https:\/\/ddrobotec.com\/de\/\"},{\"@type\":\"ListItem\",\"position\":2,\"name\":\"Datenschutz\"}]}]}<\/script>\n<!-- \/ Yoast SEO plugin. -->","yoast_head_json":{"title":"Datenschutz | ddrobotec\u00ae","robots":{"index":"index","follow":"follow","max-snippet":"max-snippet:-1","max-image-preview":"max-image-preview:large","max-video-preview":"max-video-preview:-1"},"canonical":"https:\/\/ddrobotec.com\/de\/privacy-policy\/","og_locale":"de_DE","og_type":"article","og_title":"Datenschutz | ddrobotec\u00ae","og_description":"Datenschutz Grundlegende Informationen Diese Erkl\u00e4rung zum Datenschutz soll die Besucher*innen dieser Website \u00fcber Art, Umfang und Zwecke der Erhebung und Verwendung personenbezogener Daten durch die Betreiber der Website Dynamic Devices AG informieren. Die Betreiber dieser Website nehmen Datenschutz sehr ernst und behandeln deine pers\u00f6nlichen Daten vertraulich und in \u00dcbereinstimmung mit den Bestimmungen von Artikel 13 ...","og_url":"https:\/\/ddrobotec.com\/de\/privacy-policy\/","og_site_name":"ddrobotec\u00ae","article_publisher":"https:\/\/www.facebook.com\/ddrobotec\/","article_modified_time":"2020-11-23T07:04:30+00:00","twitter_card":"summary_large_image","twitter_site":"@ddrobotec","twitter_misc":{"Gesch\u00e4tzte Lesezeit":"3\u00a0Minuten"},"schema":{"@context":"https:\/\/schema.org","@graph":[{"@type":"Organization","@id":"https:\/\/ddrobotec.com\/ja\/#organization","name":"ddrobotec\u00ae by Dynamic Devices AG","url":"https:\/\/ddrobotec.com\/ja\/","sameAs":["https:\/\/www.facebook.com\/ddrobotec\/","https:\/\/www.instagram.com\/ddrobotec\/","https:\/\/www.linkedin.com\/company\/dynamicdevices\/","https:\/\/www.youtube.com\/user\/DynamicDevicesPlus","https:\/\/twitter.com\/ddrobotec"],"logo":{"@type":"ImageObject","@id":"https:\/\/ddrobotec.com\/ja\/#logo","inLanguage":"de","url":"https:\/\/ddrobotec.com\/wp-content\/uploads\/2020\/11\/Logo-ddrobotec.jpg","contentUrl":"https:\/\/ddrobotec.com\/wp-content\/uploads\/2020\/11\/Logo-ddrobotec.jpg","width":700,"height":700,"caption":"ddrobotec\u00ae by Dynamic Devices AG"},"image":{"@id":"https:\/\/ddrobotec.com\/ja\/#logo"}},{"@type":"WebSite","@id":"https:\/\/ddrobotec.com\/ja\/#website","url":"https:\/\/ddrobotec.com\/ja\/","name":"ddrobotec\u00ae","description":"by Dynamic Devices","publisher":{"@id":"https:\/\/ddrobotec.com\/ja\/#organization"},"potentialAction":[{"@type":"SearchAction","target":{"@type":"EntryPoint","urlTemplate":"https:\/\/ddrobotec.com\/ja\/?s={search_term_string}"},"query-input":"required name=search_term_string"}],"inLanguage":"de"},{"@type":"WebPage","@id":"https:\/\/ddrobotec.com\/de\/privacy-policy\/#webpage","url":"https:\/\/ddrobotec.com\/de\/privacy-policy\/","name":"Datenschutz | ddrobotec\u00ae","isPartOf":{"@id":"https:\/\/ddrobotec.com\/ja\/#website"},"datePublished":"2020-11-04T10:50:09+00:00","dateModified":"2020-11-23T07:04:30+00:00","breadcrumb":{"@id":"https:\/\/ddrobotec.com\/de\/privacy-policy\/#breadcrumb"},"inLanguage":"de","potentialAction":[{"@type":"ReadAction","target":["https:\/\/ddrobotec.com\/de\/privacy-policy\/"]}]},{"@type":"BreadcrumbList","@id":"https:\/\/ddrobotec.com\/de\/privacy-policy\/#breadcrumb","itemListElement":[{"@type":"ListItem","position":1,"name":"Home","item":"https:\/\/ddrobotec.com\/de\/"},{"@type":"ListItem","position":2,"name":"Datenschutz"}]}]}},"_links":{"self":[{"href":"https:\/\/ddrobotec.com\/de\/wp-json\/wp\/v2\/pages\/5177"}],"collection":[{"href":"https:\/\/ddrobotec.com\/de\/wp-json\/wp\/v2\/pages"}],"about":[{"href":"https:\/\/ddrobotec.com\/de\/wp-json\/wp\/v2\/types\/page"}],"author":[{"embeddable":true,"href":"https:\/\/ddrobotec.com\/de\/wp-json\/wp\/v2\/users\/1"}],"replies":[{"embeddable":true,"href":"https:\/\/ddrobotec.com\/de\/wp-json\/wp\/v2\/comments?post=5177"}],"version-history":[{"count":5,"href":"https:\/\/ddrobotec.com\/de\/wp-json\/wp\/v2\/pages\/5177\/revisions"}],"predecessor-version":[{"id":6756,"href":"https:\/\/ddrobotec.com\/de\/wp-json\/wp\/v2\/pages\/5177\/revisions\/6756"}],"wp:attachment":[{"href":"https:\/\/ddrobotec.com\/de\/wp-json\/wp\/v2\/media?parent=5177"}],"curies":[{"name":"wp","href":"https:\/\/api.w.org\/{rel}","templated":true}]}}