{"id":23157,"date":"2023-12-06T13:23:06","date_gmt":"2023-12-06T12:23:06","guid":{"rendered":"https:\/\/ddrobotec.com\/?page_id=23157"},"modified":"2024-04-18T13:48:43","modified_gmt":"2024-04-18T11:48:43","slug":"change-your-game-2","status":"publish","type":"page","link":"https:\/\/ddrobotec.com\/fr\/","title":{"rendered":"Changez les r\u00e8gles du jeu"},"content":{"rendered":"\n<p><\/p>\n\n\n<script type=\"text\/javascript\">jQuery(function() { _initLayerSlider( '#layerslider_104_1p3pej9sxw1x7', {createdWith: '6.9.2', sliderVersion: 24.0, skin: 'fullwidthdark', sliderFadeInDuration: 350, navPrevNext: false, hoverPrevNext: false, navStartStop: false, showCircleTimer: false, thumbnailNavigation: 'disabled', useSrcset: false, preferBlendMode: 'enabled', skinsPath: 'https:\/\/ddrobotec.com\/wp-content\/plugins\/LayerSlider_new\/assets\/static\/layerslider\/skins\/', performanceMode: true}); });<\/script><div id=\"layerslider_104_1p3pej9sxw1x7\"  class=\"ls-wp-container fitvidsignore ls-selectable\" style=\"width:1280px;height:720px;margin:0 auto;margin-bottom: 0px;\"><div class=\"ls-slide\" data-ls=\"bgposition:50% 0%;bgcolor:rgba(10, 10, 10, 0.61);duration:5000;parallaxtransformorigin:50% 50% 0;\"><div style=\"top:0px;left:0px;background-size:inherit;background-position:inherit;width:100%;height:100%;font-size:18px;\" class=\"ls-l ls-media-layer\" data-ls=\"controls:disabled;loopmedia:enabled;position:relative;\"><video width=\"100%\" height=\"auto\" preload=\"metadata\" controls><source src=\"\/wp-content\/uploads\/2022\/09\/ddrobotec_promo_video.webm\" type=\"video\/webm\"><source src=\"\/wp-content\/uploads\/2022\/09\/ddrobotec_promo_video.mp4\" type=\"video\/mp4\" \/><\/source><\/video><\/div><\/div><\/div>\n\n\n<div class=\"colorstripe\">\n<p><a href=\"\/tryoutlocations\/\">Exp\u00e9rimentez le robot d&rsquo;entra\u00eenement ddrobotec\u00ae vous-m\u00eame! \u2022 <\/a><a href=\"\/tryoutlocations\/\">Exp\u00e9rimentez le robot d&rsquo;entra\u00eenement ddrobotec\u00ae vous-m\u00eame!<\/a><a href=\"\/tryoutlocations\/\"> \u2022 <\/a><a href=\"\/tryoutlocations\/\">Exp\u00e9rimentez le robot d&rsquo;entra\u00eenement ddrobotec\u00ae vous-m\u00eame!<\/a><a href=\"\/tryoutlocations\/\"> \u2022 <\/a><a href=\"\/tryoutlocations\/\">Exp\u00e9rimentez le robot d&rsquo;entra\u00eenement ddrobotec\u00ae vous-m\u00eame!<\/a><a href=\"\/tryoutlocations\/\"> \u2022 <\/a><a href=\"\/tryoutlocations\/\">xp\u00e9rimentez le robot d&rsquo;entra\u00eenement ddrobotec\u00ae vous-m\u00eame! \u2022 <\/a><a href=\"\/tryoutlocations\/\">Exp\u00e9rimentez le robot d&rsquo;entra\u00eenement ddrobotec\u00ae vous-m\u00eame!<\/a><a href=\"\/tryoutlocations\/\"> \u2022 <\/a><a href=\"\/tryoutlocations\/\">Exp\u00e9rimentez le robot d&rsquo;entra\u00eenement ddrobotec\u00ae vous-m\u00eame!<\/a><a href=\"\/tryoutlocations\/\"> \u2022 <\/a><a href=\"\/tryoutlocations\/\">Exp\u00e9rimentez le robot d&rsquo;entra\u00eenement ddrobotec\u00ae vous-m\u00eame!<\/a><a href=\"\/tryoutlocations\/\"> \u2022 <\/a><a href=\"\/tryoutlocations\/\">Exp\u00e9rimentez le robot d&rsquo;entra\u00eenement ddrobotec\u00ae vous-m\u00eame! \u2022 <\/a><a href=\"\/tryoutlocations\/\">Exp\u00e9rimentez le robot d&rsquo;entra\u00eenement ddrobotec\u00ae vous-m\u00eame!<\/a><a href=\"\/tryoutlocations\/\"> \u2022 <\/a><a href=\"\/tryoutlocations\/\">Exp\u00e9rimentez le robot d&rsquo;entra\u00eenement ddrobotec\u00ae vous-m\u00eame!<\/a><a href=\"\/tryoutlocations\/\"> \u2022 <\/a><a href=\"\/tryoutlocations\/\">Exp\u00e9rimentez le robot d&rsquo;entra\u00eenement ddrobotec\u00ae vous-m\u00eame!<\/a><a href=\"\/tryoutlocations\/\"> \u2022 <\/a><a href=\"\/tryoutlocations\/\">xp\u00e9rimentez le robot d&rsquo;entra\u00eenement ddrobotec\u00ae vous-m\u00eame! \u2022 <\/a><a href=\"\/tryoutlocations\/\">Exp\u00e9rimentez le robot d&rsquo;entra\u00eenement ddrobotec\u00ae vous-m\u00eame!<\/a><a href=\"\/tryoutlocations\/\"> \u2022 <\/a><a href=\"\/tryoutlocations\/\">Exp\u00e9rimentez le robot d&rsquo;entra\u00eenement ddrobotec\u00ae vous-m\u00eame!<\/a><a href=\"\/tryoutlocations\/\"> \u2022 <\/a><a href=\"\/tryoutlocations\/\">Exp\u00e9rimentez le robot d&rsquo;entra\u00eenement ddrobotec\u00ae vous-m\u00eame!<\/a><a href=\"\/tryoutlocations\/\"> \u2022 <\/a><a href=\"\/tryoutlocations\/\">Exp\u00e9rimentez le robot d&rsquo;entra\u00eenement ddrobotec\u00ae vous-m\u00eame! \u2022 <\/a><a href=\"\/tryoutlocations\/\">Exp\u00e9rimentez le robot d&rsquo;entra\u00eenement ddrobotec\u00ae vous-m\u00eame!<\/a><a href=\"\/tryoutlocations\/\"> \u2022 <\/a><a href=\"\/tryoutlocations\/\">Exp\u00e9rimentez le robot d&rsquo;entra\u00eenement ddrobotec\u00ae vous-m\u00eame!<\/a><a href=\"\/tryoutlocations\/\"> \u2022 <\/a><a href=\"\/tryoutlocations\/\">Exp\u00e9rimentez le robot d&rsquo;entra\u00eenement ddrobotec\u00ae vous-m\u00eame!<\/a><a href=\"\/tryoutlocations\/\"> \u2022 <\/a><a href=\"\/tryoutlocations\/\">xp\u00e9rimentez le robot d&rsquo;entra\u00eenement ddrobotec\u00ae vous-m\u00eame! \u2022 <\/a><a href=\"\/tryoutlocations\/\">Exp\u00e9rimentez le robot d&rsquo;entra\u00eenement ddrobotec\u00ae vous-m\u00eame!<\/a><a href=\"\/tryoutlocations\/\"> \u2022 <\/a><a href=\"\/tryoutlocations\/\">Exp\u00e9rimentez le robot d&rsquo;entra\u00eenement ddrobotec\u00ae vous-m\u00eame!<\/a><a href=\"\/tryoutlocations\/\"> \u2022 <\/a><a href=\"\/tryoutlocations\/\">Exp\u00e9rimentez le robot d&rsquo;entra\u00eenement ddrobotec\u00ae vous-m\u00eame! <\/a><a href=\"\/tryoutlocations\/\">\u2022<\/a><\/p>\n<\/div>\n\n\n<figure class=\"wp-block-image size-large seo-image\"><img loading=\"lazy\" decoding=\"async\" width=\"1024\" height=\"576\" src=\"https:\/\/ddrobotec.com\/wp-content\/uploads\/2023\/03\/20230327_Headers-All-in-One-1024x576.jpg\" alt=\"\" class=\"wp-image-20480\" srcset=\"https:\/\/ddrobotec.com\/wp-content\/uploads\/2023\/03\/20230327_Headers-All-in-One-1024x576.jpg 1024w, https:\/\/ddrobotec.com\/wp-content\/uploads\/2023\/03\/20230327_Headers-All-in-One-300x169.jpg 300w, https:\/\/ddrobotec.com\/wp-content\/uploads\/2023\/03\/20230327_Headers-All-in-One-1536x864.jpg 1536w, https:\/\/ddrobotec.com\/wp-content\/uploads\/2023\/03\/20230327_Headers-All-in-One-2048x1152.jpg 2048w\" sizes=\"(max-width: 1024px) 100vw, 1024px\" \/><\/figure>\n\n\n\n<h1 class=\"wp-block-heading has-text-align-center fat-title\" id=\"h-changez-les-r-gles\">Changez les r\u00e8gles<\/h1>\n\n\n\n<h2 class=\"wp-block-heading has-text-align-center smaller\" id=\"h-entra-nement-contre-r-sistance-adaptatif-diagnostics-de-pr-cision-et-jeux-digitauxpour-une-sant-et-des-performances-optimales\"><strong>Entra\u00eenement contre r\u00e9sistance adaptatif,<br>diagnostics de pr\u00e9cision et jeux digitaux<br>pour une sant\u00e9 et des performances optimales<\/strong>.<br><\/h2>\n\n\n\n<div style=\"height:100px\" aria-hidden=\"true\" class=\"wp-block-spacer\"><\/div>\n\n\n\n<div class=\"wp-block-media-text alignwide is-vertically-aligned-center is-image-fill is-stacked-on-mobile tile-box has-white-color has-text-color has-black-background-color has-background\"><figure class=\"wp-block-media-text__media\" style=\"background-image:url(https:\/\/ddrobotec.com\/wp-content\/uploads\/2022\/12\/ddHighlights2023_2-1024x1024.png);background-position:50% 50%\"><img loading=\"lazy\" decoding=\"async\" width=\"1024\" height=\"1024\" src=\"https:\/\/ddrobotec.com\/wp-content\/uploads\/2022\/12\/ddHighlights2023_2-1024x1024.png\" alt=\"\" class=\"wp-image-14889 size-full\" srcset=\"https:\/\/ddrobotec.com\/wp-content\/uploads\/2022\/12\/ddHighlights2023_2-1024x1024.png 1024w, https:\/\/ddrobotec.com\/wp-content\/uploads\/2022\/12\/ddHighlights2023_2-300x300.png 300w, https:\/\/ddrobotec.com\/wp-content\/uploads\/2022\/12\/ddHighlights2023_2-150x150.png 150w, https:\/\/ddrobotec.com\/wp-content\/uploads\/2022\/12\/ddHighlights2023_2-1536x1536.png 1536w, https:\/\/ddrobotec.com\/wp-content\/uploads\/2022\/12\/ddHighlights2023_2.png 1879w\" sizes=\"(max-width: 1024px) 100vw, 1024px\" \/><\/figure><div class=\"wp-block-media-text__content\">\n<div class=\"wp-block-group has-text-color has-background is-layout-flow wp-block-group-is-layout-flow\" style=\"color:#ffffff;background-color:#000000\"><div class=\"wp-block-group__inner-container\">\n<div class=\"wp-block-group inner-tile is-layout-flow wp-block-group-is-layout-flow\"><div class=\"wp-block-group__inner-container\">\n<h2 class=\"wp-block-heading\" id=\"h-ddrobotec\">ddrobotec<sup>\u00ae<\/sup><\/h2>\n\n\n\n<h3 class=\"wp-block-heading\" id=\"h-tout-en-un\"><strong>Tout-en-Un<\/strong><\/h3>\n\n\n\n<p>Entra\u00eenements, tests et exergames &#8211; \u00e0 la pointe de la technologie, fonctionnels, enti\u00e8rement digitaux et bas\u00e9s sur les donn\u00e9es recueillies.<\/p>\n\n\n\n<div style=\"height:100px\" aria-hidden=\"true\" class=\"wp-block-spacer\"><\/div>\n\n\n\n<div class=\"wp-block-buttons is-layout-flex wp-block-buttons-is-layout-flex\">\n<div class=\"wp-block-button dd-button-white\"><a class=\"wp-block-button__link wp-element-button\" href=\"https:\/\/ddrobotec.com\/all-in-one-solution\">En savoir plus<\/a><\/div>\n<\/div>\n\n\n\n<p><\/p>\n<\/div><\/div>\n\n\n\n<div style=\"height:100px\" aria-hidden=\"true\" class=\"wp-block-spacer\"><\/div>\n<\/div><\/div>\n<\/div><\/div>\n\n\n\n<div class=\"wp-block-media-text alignwide has-media-on-the-right is-vertically-aligned-center is-image-fill is-stacked-on-mobile tile-box has-white-color has-text-color has-black-background-color has-background\"><div class=\"wp-block-media-text__content\">\n<div class=\"wp-block-group inner-tile is-layout-flow wp-block-group-is-layout-flow\"><div class=\"wp-block-group__inner-container\">\n<h2 class=\"wp-block-heading\" id=\"h-ddrobotec-1\">ddrobotec<sup>\u00ae<\/sup><\/h2>\n\n\n\n<h3 class=\"wp-block-heading\" id=\"h-sports\"><strong>Sports<\/strong><\/h3>\n\n\n\n<p>Ne skippez plus le leg day. Mesurez, stimulez et suivez les performances neuromusculaires et neurocognitives.<\/p>\n\n\n\n<div style=\"height:100px\" aria-hidden=\"true\" class=\"wp-block-spacer\"><\/div>\n\n\n\n<div class=\"wp-block-buttons is-layout-flex wp-block-buttons-is-layout-flex\">\n<div class=\"wp-block-button dd-button-white\"><a class=\"wp-block-button__link wp-element-button\" href=\"\/sports\/\">En savoir plus<\/a><\/div>\n<\/div>\n\n\n\n<p><\/p>\n<\/div><\/div>\n\n\n\n<div style=\"height:100px\" aria-hidden=\"true\" class=\"wp-block-spacer\"><\/div>\n<\/div><figure class=\"wp-block-media-text__media\" style=\"background-image:url(https:\/\/ddrobotec.com\/wp-content\/uploads\/2022\/12\/Chris-Baltisberger_in-Action_11-2022-1-1024x762.jpg);background-position:50% 50%\"><img loading=\"lazy\" decoding=\"async\" width=\"1024\" height=\"762\" src=\"https:\/\/ddrobotec.com\/wp-content\/uploads\/2022\/12\/Chris-Baltisberger_in-Action_11-2022-1-1024x762.jpg\" alt=\"\" class=\"wp-image-14851 size-full\" srcset=\"https:\/\/ddrobotec.com\/wp-content\/uploads\/2022\/12\/Chris-Baltisberger_in-Action_11-2022-1-1024x762.jpg 1024w, https:\/\/ddrobotec.com\/wp-content\/uploads\/2022\/12\/Chris-Baltisberger_in-Action_11-2022-1-300x223.jpg 300w, https:\/\/ddrobotec.com\/wp-content\/uploads\/2022\/12\/Chris-Baltisberger_in-Action_11-2022-1.jpg 1440w\" sizes=\"(max-width: 1024px) 100vw, 1024px\" \/><\/figure><\/div>\n\n\n\n<div class=\"wp-block-media-text alignwide is-vertically-aligned-center is-image-fill is-stacked-on-mobile tile-box has-white-color has-text-color has-black-background-color has-background\"><figure class=\"wp-block-media-text__media\" style=\"background-image:url(https:\/\/ddrobotec.com\/wp-content\/uploads\/2022\/12\/Silverstars-Website-10-2022-1024x761.jpg);background-position:28% 47%\"><img loading=\"lazy\" decoding=\"async\" width=\"1024\" height=\"761\" src=\"https:\/\/ddrobotec.com\/wp-content\/uploads\/2022\/12\/Silverstars-Website-10-2022-1024x761.jpg\" alt=\"\" class=\"wp-image-14862 size-full\" srcset=\"https:\/\/ddrobotec.com\/wp-content\/uploads\/2022\/12\/Silverstars-Website-10-2022-1024x761.jpg 1024w, https:\/\/ddrobotec.com\/wp-content\/uploads\/2022\/12\/Silverstars-Website-10-2022-300x223.jpg 300w, https:\/\/ddrobotec.com\/wp-content\/uploads\/2022\/12\/Silverstars-Website-10-2022.jpg 1440w\" sizes=\"(max-width: 1024px) 100vw, 1024px\" \/><\/figure><div class=\"wp-block-media-text__content\">\n<div class=\"wp-block-group has-text-color has-background is-layout-flow wp-block-group-is-layout-flow\" style=\"color:#ffffff;background-color:#000000\"><div class=\"wp-block-group__inner-container\">\n<div class=\"wp-block-group inner-tile is-layout-flow wp-block-group-is-layout-flow\"><div class=\"wp-block-group__inner-container\">\n<h2 class=\"wp-block-heading\" id=\"h-ddrobotec-2\">ddrobotec<sup>\u00ae<\/sup><\/h2>\n\n\n\n<h3 class=\"wp-block-heading\" id=\"h-sant\"><strong>Sant\u00e9<\/strong><\/h3>\n\n\n\n<p>Jouez pour \u00eatre en bonne sant\u00e9. Rendez la pr\u00e9vention et le r\u00e9tablissement motivants, personnalis\u00e9s et efficaces.<\/p>\n\n\n\n<div style=\"height:100px\" aria-hidden=\"true\" class=\"wp-block-spacer\"><\/div>\n\n\n\n<div class=\"wp-block-buttons is-layout-flex wp-block-buttons-is-layout-flex\">\n<div class=\"wp-block-button dd-button-white\"><a class=\"wp-block-button__link wp-element-button\" href=\"\/health\/\">En savoir plus<\/a><\/div>\n<\/div>\n\n\n\n<p><\/p>\n<\/div><\/div>\n\n\n\n<div style=\"height:100px\" aria-hidden=\"true\" class=\"wp-block-spacer\"><\/div>\n<\/div><\/div>\n<\/div><\/div>\n\n\n\n<div class=\"wp-block-group is-layout-flow wp-block-group-is-layout-flow\"><div class=\"wp-block-group__inner-container\">\n<div style=\"height:100px\" aria-hidden=\"true\" class=\"wp-block-spacer\"><\/div>\n\n\n\n<h2 class=\"wp-block-heading has-text-align-center bigger\" id=\"h-une-exp-rience-d-entra-nement-guid-e-par-les-donn-es\"><strong>Une exp\u00e9rience d&rsquo;entra\u00eenement guid\u00e9e par les donn\u00e9es<\/strong><\/h2>\n\n\n\n<h2 class=\"wp-block-heading has-text-align-center smaller\" id=\"h-ddrobotec-traque-analyse-et-visualise-les-interactions-entre-le-syst-me-nerveux-central-et-p-riph-rique-en-temps-r-el\">ddrobotec\u00ae traque, analyse et visualise les interactions entre le syst\u00e8me nerveux central et p\u00e9riph\u00e9rique en temps r\u00e9el.<\/h2>\n\n\n<div class=\"wp-block-image\">\n<figure class=\"aligncenter size-full\"><img loading=\"lazy\" decoding=\"async\" width=\"1024\" height=\"432\" src=\"https:\/\/ddrobotec.com\/wp-content\/uploads\/2024\/04\/Insights-Graphic-mobil-1024x432-1.png\" alt=\"\" class=\"wp-image-24127\" srcset=\"https:\/\/ddrobotec.com\/wp-content\/uploads\/2024\/04\/Insights-Graphic-mobil-1024x432-1.png 1024w, https:\/\/ddrobotec.com\/wp-content\/uploads\/2024\/04\/Insights-Graphic-mobil-1024x432-1-300x127.png 300w\" sizes=\"(max-width: 1024px) 100vw, 1024px\" \/><\/figure><\/div>\n\n\n<div style=\"height:0px\" aria-hidden=\"true\" class=\"wp-block-spacer\"><\/div>\n<\/div><\/div>\n\n\n\n<div class=\"wp-block-buttons text-align-center is-horizontal is-content-justification-center is-layout-flex wp-container-core-buttons-layout-4 wp-block-buttons-is-layout-flex\">\n<div class=\"wp-block-button dd-button\"><a class=\"wp-block-button__link has-black-color has-text-color wp-element-button\" href=\"\/insights\/\">Aper\u00e7u des donn\u00e9es<\/a><\/div>\n<\/div>\n\n\n\n<div style=\"height:100px\" aria-hidden=\"true\" class=\"wp-block-spacer\"><\/div>\n\n\n<p><!-- \/wp:group --><\/p>\n<p><!-- wp:group {\"style\":{\"color\":{\"text\":\"#ffffff\",\"background\":\"#000000\"}}} --><\/p>\n<div class=\"wp-block-group has-text-color has-background\" style=\"background-color: #000000; color: #ffffff;\"><!-- wp:quote {\"align\":\"center\",\"className\":\"is-style-large\"} --><\/p>\n<blockquote class=\"wp-block-quote has-text-align-center is-style-large\">\n<p>Notre vision : donner aux individus les moyens de mener un mode de vie plus sain et contribuer \u00e0 une soci\u00e9t\u00e9 soucieuse de sa sant\u00e9<\/p>\n<\/blockquote>\n<p><!-- \/wp:quote --><\/p>\n<p><!-- wp:buttons {\"className\":\"text-align-center\",\"layout\":{\"type\":\"flex\",\"justifyContent\":\"center\",\"orientation\":\"horizontal\"}} --><\/p>\n<div class=\"wp-block-buttons text-align-center\"><!-- wp:button {\"className\":\"dd-button-white text-align-center\"} --><\/p>\n<div class=\"wp-block-button dd-button-white text-align-center\"><a class=\"wp-block-button__link\" href=\"\/about\">A propos de nous<\/a><\/div>\n<p><!-- \/wp:button --><\/p>\n<\/div>\n<p><!-- \/wp:buttons --><\/p>\n<div class=\"wp-block-spacer\" style=\"height: 100px;\" aria-hidden=\"true\">\u00a0<\/div>\n<\/div>\n<p><!-- wp:shortcode --><br \/><div class=\"ref-container\"><div class=\"prevar\"><img decoding=\"async\" src=\"https:\/\/ddrobotec.com\/wp-content\/themes\/ddrobotec\/images\/icons\/back.png\" alt=\"prev slide\" \/><\/div><div class=\"ref-slider\"><\/div><div class=\"nextar\"><img decoding=\"async\" src=\"https:\/\/ddrobotec.com\/wp-content\/themes\/ddrobotec\/images\/icons\/next.png\" alt=\"next slide\" \/><\/div><\/div><br \/><!-- \/wp:shortcode --><\/p>","protected":false},"excerpt":{"rendered":"<p>Exp\u00e9rimentez le robot d&rsquo;entra\u00eenement ddrobotec\u00ae vous-m\u00eame! \u2022 Exp\u00e9rimentez le robot d&rsquo;entra\u00eenement ddrobotec\u00ae vous-m\u00eame! \u2022 Exp\u00e9rimentez le robot d&rsquo;entra\u00eenement ddrobotec\u00ae vous-m\u00eame! \u2022 Exp\u00e9rimentez le robot d&rsquo;entra\u00eenement ddrobotec\u00ae vous-m\u00eame! \u2022 xp\u00e9rimentez le robot d&rsquo;entra\u00eenement ddrobotec\u00ae vous-m\u00eame! \u2022 Exp\u00e9rimentez le robot d&rsquo;entra\u00eenement ddrobotec\u00ae vous-m\u00eame! \u2022 Exp\u00e9rimentez le robot d&rsquo;entra\u00eenement ddrobotec\u00ae vous-m\u00eame! \u2022 Exp\u00e9rimentez le robot d&rsquo;entra\u00eenement ddrobotec\u00ae vous-m\u00eame! <a href=\"https:\/\/ddrobotec.com\/fr\/\" class=\"more-link\">&#8230;<\/a><\/p>\n","protected":false},"author":1,"featured_media":0,"parent":0,"menu_order":0,"comment_status":"closed","ping_status":"open","template":"","meta":{"_acf_changed":false,"footnotes":""},"acf":[],"yoast_head":"<!-- This site is optimized with the Yoast SEO plugin v18.6 - https:\/\/yoast.com\/wordpress\/plugins\/seo\/ -->\n<title>Changez les r\u00e8gles du jeu | ddrobotec\u00ae<\/title>\n<meta name=\"robots\" content=\"index, follow, max-snippet:-1, max-image-preview:large, max-video-preview:-1\" \/>\n<link rel=\"canonical\" href=\"https:\/\/ddrobotec.com\/fr\/\" \/>\n<meta property=\"og:locale\" content=\"fr_FR\" \/>\n<meta property=\"og:type\" content=\"article\" \/>\n<meta property=\"og:title\" content=\"Changez les r\u00e8gles du jeu | ddrobotec\u00ae\" \/>\n<meta property=\"og:description\" content=\"Exp\u00e9rimentez le robot d&rsquo;entra\u00eenement ddrobotec\u00ae vous-m\u00eame! \u2022 Exp\u00e9rimentez le robot d&rsquo;entra\u00eenement ddrobotec\u00ae vous-m\u00eame! \u2022 Exp\u00e9rimentez le robot d&rsquo;entra\u00eenement ddrobotec\u00ae vous-m\u00eame! \u2022 Exp\u00e9rimentez le robot d&rsquo;entra\u00eenement ddrobotec\u00ae vous-m\u00eame! \u2022 xp\u00e9rimentez le robot d&rsquo;entra\u00eenement ddrobotec\u00ae vous-m\u00eame! \u2022 Exp\u00e9rimentez le robot d&rsquo;entra\u00eenement ddrobotec\u00ae vous-m\u00eame! \u2022 Exp\u00e9rimentez le robot d&rsquo;entra\u00eenement ddrobotec\u00ae vous-m\u00eame! \u2022 Exp\u00e9rimentez le robot d&rsquo;entra\u00eenement ddrobotec\u00ae vous-m\u00eame! ...\" \/>\n<meta property=\"og:url\" content=\"https:\/\/ddrobotec.com\/fr\/\" \/>\n<meta property=\"og:site_name\" content=\"ddrobotec\u00ae\" \/>\n<meta property=\"article:publisher\" content=\"https:\/\/www.facebook.com\/ddrobotec\/\" \/>\n<meta property=\"article:modified_time\" content=\"2024-04-18T11:48:43+00:00\" \/>\n<meta property=\"og:image\" content=\"https:\/\/ddrobotec.com\/wp-content\/uploads\/2023\/03\/20230327_Headers-All-in-One-1024x576.jpg\" \/>\n<meta name=\"twitter:card\" content=\"summary_large_image\" \/>\n<meta name=\"twitter:site\" content=\"@ddrobotec\" \/>\n<meta name=\"twitter:label1\" content=\"Dur\u00e9e de lecture estim\u00e9e\" \/>\n\t<meta name=\"twitter:data1\" content=\"2 minutes\" \/>\n<script type=\"application\/ld+json\" class=\"yoast-schema-graph\">{\"@context\":\"https:\/\/schema.org\",\"@graph\":[{\"@type\":\"Organization\",\"@id\":\"https:\/\/ddrobotec.com\/ja\/#organization\",\"name\":\"ddrobotec\u00ae by Dynamic Devices AG\",\"url\":\"https:\/\/ddrobotec.com\/ja\/\",\"sameAs\":[\"https:\/\/www.facebook.com\/ddrobotec\/\",\"https:\/\/www.instagram.com\/ddrobotec\/\",\"https:\/\/www.linkedin.com\/company\/dynamicdevices\/\",\"https:\/\/www.youtube.com\/user\/DynamicDevicesPlus\",\"https:\/\/twitter.com\/ddrobotec\"],\"logo\":{\"@type\":\"ImageObject\",\"@id\":\"https:\/\/ddrobotec.com\/ja\/#logo\",\"inLanguage\":\"fr-FR\",\"url\":\"https:\/\/ddrobotec.com\/wp-content\/uploads\/2020\/11\/Logo-ddrobotec.jpg\",\"contentUrl\":\"https:\/\/ddrobotec.com\/wp-content\/uploads\/2020\/11\/Logo-ddrobotec.jpg\",\"width\":700,\"height\":700,\"caption\":\"ddrobotec\u00ae by Dynamic Devices AG\"},\"image\":{\"@id\":\"https:\/\/ddrobotec.com\/ja\/#logo\"}},{\"@type\":\"WebSite\",\"@id\":\"https:\/\/ddrobotec.com\/ja\/#website\",\"url\":\"https:\/\/ddrobotec.com\/ja\/\",\"name\":\"ddrobotec\u00ae\",\"description\":\"by Dynamic Devices\",\"publisher\":{\"@id\":\"https:\/\/ddrobotec.com\/ja\/#organization\"},\"potentialAction\":[{\"@type\":\"SearchAction\",\"target\":{\"@type\":\"EntryPoint\",\"urlTemplate\":\"https:\/\/ddrobotec.com\/ja\/?s={search_term_string}\"},\"query-input\":\"required name=search_term_string\"}],\"inLanguage\":\"fr-FR\"},{\"@type\":\"ImageObject\",\"@id\":\"https:\/\/ddrobotec.com\/fr\/#primaryimage\",\"inLanguage\":\"fr-FR\",\"url\":\"https:\/\/ddrobotec.com\/wp-content\/uploads\/2023\/03\/20230327_Headers-All-in-One.jpg\",\"contentUrl\":\"https:\/\/ddrobotec.com\/wp-content\/uploads\/2023\/03\/20230327_Headers-All-in-One.jpg\",\"width\":2560,\"height\":1440},{\"@type\":\"WebPage\",\"@id\":\"https:\/\/ddrobotec.com\/fr\/#webpage\",\"url\":\"https:\/\/ddrobotec.com\/fr\/\",\"name\":\"Changez les r\u00e8gles du jeu | ddrobotec\u00ae\",\"isPartOf\":{\"@id\":\"https:\/\/ddrobotec.com\/ja\/#website\"},\"primaryImageOfPage\":{\"@id\":\"https:\/\/ddrobotec.com\/fr\/#primaryimage\"},\"datePublished\":\"2023-12-06T12:23:06+00:00\",\"dateModified\":\"2024-04-18T11:48:43+00:00\",\"breadcrumb\":{\"@id\":\"https:\/\/ddrobotec.com\/fr\/#breadcrumb\"},\"inLanguage\":\"fr-FR\",\"potentialAction\":[{\"@type\":\"ReadAction\",\"target\":[\"https:\/\/ddrobotec.com\/fr\/\"]}]},{\"@type\":\"BreadcrumbList\",\"@id\":\"https:\/\/ddrobotec.com\/fr\/#breadcrumb\",\"itemListElement\":[{\"@type\":\"ListItem\",\"position\":1,\"name\":\"Home\",\"item\":\"https:\/\/ddrobotec.com\/fr\/\"},{\"@type\":\"ListItem\",\"position\":2,\"name\":\"Changez les r\u00e8gles du jeu\"}]}]}<\/script>\n<!-- \/ Yoast SEO plugin. -->","yoast_head_json":{"title":"Changez les r\u00e8gles du jeu | ddrobotec\u00ae","robots":{"index":"index","follow":"follow","max-snippet":"max-snippet:-1","max-image-preview":"max-image-preview:large","max-video-preview":"max-video-preview:-1"},"canonical":"https:\/\/ddrobotec.com\/fr\/","og_locale":"fr_FR","og_type":"article","og_title":"Changez les r\u00e8gles du jeu | ddrobotec\u00ae","og_description":"Exp\u00e9rimentez le robot d&rsquo;entra\u00eenement ddrobotec\u00ae vous-m\u00eame! \u2022 Exp\u00e9rimentez le robot d&rsquo;entra\u00eenement ddrobotec\u00ae vous-m\u00eame! \u2022 Exp\u00e9rimentez le robot d&rsquo;entra\u00eenement ddrobotec\u00ae vous-m\u00eame! \u2022 Exp\u00e9rimentez le robot d&rsquo;entra\u00eenement ddrobotec\u00ae vous-m\u00eame! \u2022 xp\u00e9rimentez le robot d&rsquo;entra\u00eenement ddrobotec\u00ae vous-m\u00eame! \u2022 Exp\u00e9rimentez le robot d&rsquo;entra\u00eenement ddrobotec\u00ae vous-m\u00eame! \u2022 Exp\u00e9rimentez le robot d&rsquo;entra\u00eenement ddrobotec\u00ae vous-m\u00eame! \u2022 Exp\u00e9rimentez le robot d&rsquo;entra\u00eenement ddrobotec\u00ae vous-m\u00eame! ...","og_url":"https:\/\/ddrobotec.com\/fr\/","og_site_name":"ddrobotec\u00ae","article_publisher":"https:\/\/www.facebook.com\/ddrobotec\/","article_modified_time":"2024-04-18T11:48:43+00:00","og_image":[{"url":"https:\/\/ddrobotec.com\/wp-content\/uploads\/2023\/03\/20230327_Headers-All-in-One-1024x576.jpg"}],"twitter_card":"summary_large_image","twitter_site":"@ddrobotec","twitter_misc":{"Dur\u00e9e de lecture estim\u00e9e":"2 minutes"},"schema":{"@context":"https:\/\/schema.org","@graph":[{"@type":"Organization","@id":"https:\/\/ddrobotec.com\/ja\/#organization","name":"ddrobotec\u00ae by Dynamic Devices AG","url":"https:\/\/ddrobotec.com\/ja\/","sameAs":["https:\/\/www.facebook.com\/ddrobotec\/","https:\/\/www.instagram.com\/ddrobotec\/","https:\/\/www.linkedin.com\/company\/dynamicdevices\/","https:\/\/www.youtube.com\/user\/DynamicDevicesPlus","https:\/\/twitter.com\/ddrobotec"],"logo":{"@type":"ImageObject","@id":"https:\/\/ddrobotec.com\/ja\/#logo","inLanguage":"fr-FR","url":"https:\/\/ddrobotec.com\/wp-content\/uploads\/2020\/11\/Logo-ddrobotec.jpg","contentUrl":"https:\/\/ddrobotec.com\/wp-content\/uploads\/2020\/11\/Logo-ddrobotec.jpg","width":700,"height":700,"caption":"ddrobotec\u00ae by Dynamic Devices AG"},"image":{"@id":"https:\/\/ddrobotec.com\/ja\/#logo"}},{"@type":"WebSite","@id":"https:\/\/ddrobotec.com\/ja\/#website","url":"https:\/\/ddrobotec.com\/ja\/","name":"ddrobotec\u00ae","description":"by Dynamic Devices","publisher":{"@id":"https:\/\/ddrobotec.com\/ja\/#organization"},"potentialAction":[{"@type":"SearchAction","target":{"@type":"EntryPoint","urlTemplate":"https:\/\/ddrobotec.com\/ja\/?s={search_term_string}"},"query-input":"required name=search_term_string"}],"inLanguage":"fr-FR"},{"@type":"ImageObject","@id":"https:\/\/ddrobotec.com\/fr\/#primaryimage","inLanguage":"fr-FR","url":"https:\/\/ddrobotec.com\/wp-content\/uploads\/2023\/03\/20230327_Headers-All-in-One.jpg","contentUrl":"https:\/\/ddrobotec.com\/wp-content\/uploads\/2023\/03\/20230327_Headers-All-in-One.jpg","width":2560,"height":1440},{"@type":"WebPage","@id":"https:\/\/ddrobotec.com\/fr\/#webpage","url":"https:\/\/ddrobotec.com\/fr\/","name":"Changez les r\u00e8gles du jeu | ddrobotec\u00ae","isPartOf":{"@id":"https:\/\/ddrobotec.com\/ja\/#website"},"primaryImageOfPage":{"@id":"https:\/\/ddrobotec.com\/fr\/#primaryimage"},"datePublished":"2023-12-06T12:23:06+00:00","dateModified":"2024-04-18T11:48:43+00:00","breadcrumb":{"@id":"https:\/\/ddrobotec.com\/fr\/#breadcrumb"},"inLanguage":"fr-FR","potentialAction":[{"@type":"ReadAction","target":["https:\/\/ddrobotec.com\/fr\/"]}]},{"@type":"BreadcrumbList","@id":"https:\/\/ddrobotec.com\/fr\/#breadcrumb","itemListElement":[{"@type":"ListItem","position":1,"name":"Home","item":"https:\/\/ddrobotec.com\/fr\/"},{"@type":"ListItem","position":2,"name":"Changez les r\u00e8gles du jeu"}]}]}},"_links":{"self":[{"href":"https:\/\/ddrobotec.com\/fr\/wp-json\/wp\/v2\/pages\/23157"}],"collection":[{"href":"https:\/\/ddrobotec.com\/fr\/wp-json\/wp\/v2\/pages"}],"about":[{"href":"https:\/\/ddrobotec.com\/fr\/wp-json\/wp\/v2\/types\/page"}],"author":[{"embeddable":true,"href":"https:\/\/ddrobotec.com\/fr\/wp-json\/wp\/v2\/users\/1"}],"replies":[{"embeddable":true,"href":"https:\/\/ddrobotec.com\/fr\/wp-json\/wp\/v2\/comments?post=23157"}],"version-history":[{"count":7,"href":"https:\/\/ddrobotec.com\/fr\/wp-json\/wp\/v2\/pages\/23157\/revisions"}],"predecessor-version":[{"id":24131,"href":"https:\/\/ddrobotec.com\/fr\/wp-json\/wp\/v2\/pages\/23157\/revisions\/24131"}],"wp:attachment":[{"href":"https:\/\/ddrobotec.com\/fr\/wp-json\/wp\/v2\/media?parent=23157"}],"curies":[{"name":"wp","href":"https:\/\/api.w.org\/{rel}","templated":true}]}}