{"id":23201,"date":"2023-12-06T13:36:51","date_gmt":"2023-12-06T12:36:51","guid":{"rendered":"https:\/\/ddrobotec.com\/?page_id=23201"},"modified":"2024-04-11T10:32:28","modified_gmt":"2024-04-11T08:32:28","slug":"interview","status":"publish","type":"page","link":"https:\/\/ddrobotec.com\/fr\/interview\/","title":{"rendered":"Interview"},"content":{"rendered":"\n<div class=\"wp-block-group padding-gap notop fullwidth is-layout-flow wp-block-group-is-layout-flow\"><div class=\"wp-block-group__inner-container\"><script type=\"text\/javascript\">jQuery(function() { _initLayerSlider( '#layerslider_114_1qdz3m17fana4', {createdWith: '6.9.2', sliderVersion: 24.0, allowFullscreen: true, pauseOnHover: 'enabled', skin: 'v6', sliderFadeInDuration: 350, useSrcset: true, skinsPath: 'https:\/\/ddrobotec.com\/wp-content\/plugins\/LayerSlider_new\/assets\/static\/layerslider\/skins\/', performanceMode: true}); });<\/script><div id=\"layerslider_114_1qdz3m17fana4\"  class=\"ls-wp-container fitvidsignore ls-selectable\" style=\"width:1280px;height:720px;margin:0 auto;margin-bottom: 0px;\"><div class=\"ls-slide\" data-ls=\"parallaxtransformorigin:50% 50% 0;\"><img loading=\"lazy\" decoding=\"async\" width=\"1280\" height=\"848\" src=\"https:\/\/ddrobotec.com\/wp-content\/uploads\/2020\/08\/Interview-ddrobotec-CEO-Dr.-Max-Lungarella.png\" class=\"ls-bg\" alt=\"\" srcset=\"https:\/\/ddrobotec.com\/wp-content\/uploads\/2020\/08\/Interview-ddrobotec-CEO-Dr.-Max-Lungarella.png 1280w, https:\/\/ddrobotec.com\/wp-content\/uploads\/2020\/08\/Interview-ddrobotec-CEO-Dr.-Max-Lungarella-300x199.png 300w, https:\/\/ddrobotec.com\/wp-content\/uploads\/2020\/08\/Interview-ddrobotec-CEO-Dr.-Max-Lungarella-1024x678.png 1024w\" sizes=\"(max-width: 1280px) 100vw, 1280px\" \/><\/div><\/div>\n\n\n\n<div style=\"height:20px\" aria-hidden=\"true\" class=\"wp-block-spacer\"><\/div>\n\n\n\n<h2 class=\"wp-block-heading qa-title\" id=\"h-faq-avec-le-pdg-dr-max-lungarella\">FAQ avec le PDG, Dr. Max Lungarella<\/h2>\n\n\n\n<p><strong>Quelle est la vision de ddrobotec ?<\/strong><br>Permettre aux individus de mener un mode de vie plus sain et contribuer \u00e0 une soci\u00e9t\u00e9 soucieuse de sa sant\u00e9.<\/p>\n\n\n\n<div style=\"height:20px\" aria-hidden=\"true\" class=\"wp-block-spacer\"><\/div>\n\n\n\n<p><strong>Quelle est la mission de ddrobotec ?<br><\/strong>D\u00e9velopper une technologie compl\u00e8te et accessible \u00e0 tous pour la sant\u00e9, permettant aux individus de prendre le contr\u00f4le de leur bien-\u00eatre.<\/p>\n\n\n\n<div style=\"height:20px\" aria-hidden=\"true\" class=\"wp-block-spacer\"><\/div>\n\n\n\n<p><strong>Quelles sont les valeurs fondamentales de ddrobotec ?<br><\/strong>L&rsquo;une des valeurs fondamentales de notre entreprise est que la technologie doit \u00eatre socialement pertinente. D&rsquo;o\u00f9 notre devise : \u00ab\u00a0rendre le monde meilleur\u00a0\u00bb.<\/p>\n\n\n\n<div style=\"height:20px\" aria-hidden=\"true\" class=\"wp-block-spacer\"><\/div>\n\n\n\n<p><strong>Quelle est la proposition de valeur de ddrobotec ?<br><\/strong>Chez ddrobotec, nous concevons, fabriquons et commercialisons des dispositifs robotiques pour l&rsquo;entra\u00eenement cognitif, sensorimoteur et physique. Nos dispositifs d&rsquo;entra\u00eenement sont des syst\u00e8mes d&rsquo;auto-apprentissage qui s&rsquo;adaptent aux besoins sp\u00e9cifiques, au niveau de forme et aux progr\u00e8s de chaque utilisateur. Ils fournissent un retour d&rsquo;information en temps r\u00e9el sur les performances des mouvements individuels et de la session d&rsquo;entra\u00eenement dans son ensemble. Gr\u00e2ce \u00e0 une interface utilisateur enti\u00e8rement ludique, nos syst\u00e8mes motivent et engagent l&rsquo;utilisateur de mani\u00e8re bien plus compl\u00e8te que les approches d&rsquo;entra\u00eenement traditionnelles.<\/p>\n\n\n\n<div style=\"height:20px\" aria-hidden=\"true\" class=\"wp-block-spacer\"><\/div>\n\n\n\n<p><strong>\u00c0 quel grand probl\u00e8me ddrobotec s&rsquo;attaque-t-elle ? Quelles sont les opportunit\u00e9s ?<br><\/strong>Avec le vieillissement de la population et l&rsquo;augmentation des maladies li\u00e9es au mode de vie, il y a un besoin urgent de solutions de sant\u00e9 efficaces qui peuvent pr\u00e9venir et g\u00e9rer les conditions aigu\u00ebs et chroniques. Les solutions actuelles sont inad\u00e9quates, manquent d&rsquo;engagement et de pr\u00e9cision et ne parviennent pas \u00e0 r\u00e9duire les co\u00fbts. Notre approche cognitive innovante centr\u00e9e sur les muscles vise \u00e0 combler cette lacune du march\u00e9.<\/p>\n\n\n\n<p><strong>O\u00f9 puisez-vous votre inspiration ?<br><\/strong>Nous nous inspirons de quelques m\u00e9gatendances qui transforment les gens et la soci\u00e9t\u00e9 et affectent notre vie quotidienne. Ces m\u00e9gatendances sont des changements profonds et \u00e0 long terme dans notre soci\u00e9t\u00e9 mondiale, tels que l&rsquo;urbanisation, la connectivit\u00e9, la num\u00e9risation, la personnalisation, la sant\u00e9 et la pr\u00e9vention. Cette derni\u00e8re m\u00e9gatendance est plut\u00f4t int\u00e9ressante : les gens sont devenus beaucoup plus soucieux de leur sant\u00e9 et attendent beaucoup des prestataires de soins de sant\u00e9. En tant que techno-r\u00e9alistes optimistes, nous envisageons un avenir dans lequel, avec l&rsquo;aide de machines intelligentes, l&rsquo;ind\u00e9pendance et la dignit\u00e9 peuvent \u00eatre maintenues tout au long de la vie.<\/p>\n\n\n\n<p><strong>Qui utilise les robots d&rsquo;entra\u00eenement personnel ?<br><\/strong>Gr\u00e2ce \u00e0 une exp\u00e9rience utilisateur ludique, nos robots d&rsquo;entra\u00eenement personnel permettent pour la premi\u00e8re fois de proposer un entra\u00eenement musculaire de haute intensit\u00e9 qui soit \u00e0 la fois efficace, amusant et engageant. Que l&rsquo;utilisateur soit un athl\u00e8te amateur ou professionnel, un patient atteint de scl\u00e9rose en plaques, un journaliste ou un adolescent, nos robots d&rsquo;entra\u00eenement personnel encouragent tout un chacun \u00e0 participer \u00e0 des programmes personnalis\u00e9s d&rsquo;entra\u00eenement \u00e0 haute intensit\u00e9 con\u00e7us pour am\u00e9liorer la cognition, d\u00e9velopper les muscles et accro\u00eetre la force.<\/p>\n\n\n\n<p><strong>Si vous \u00eates en bonne sant\u00e9, pourquoi utiliser des robots ? Pourquoi faire de l&rsquo;exercice \u00e0 l&rsquo;int\u00e9rieur ? L&rsquo;activit\u00e9 physique en plein air n&rsquo;est-elle pas bien meilleure ?<br><\/strong>C&rsquo;est ce que nous entendons souvent. Oui, c&rsquo;est vrai. Courir, sauter, nager, faire du v\u00e9lo, skier et faire de la randonn\u00e9e sont des activit\u00e9s physiques de plein air formidables. Elles revitalisent, donnent de l&rsquo;\u00e9nergie, diminuent la tension, r\u00e9duisent la col\u00e8re et combattent la d\u00e9pression. Malheureusement, tout le monde n&rsquo;a pas la chance de vivre \u00e0 proximit\u00e9 d&rsquo;une for\u00eat ou d&rsquo;une montagne. Il n&rsquo;est pas surprenant que l&rsquo;inactivit\u00e9 physique soit \u00e0 l&rsquo;origine de millions de d\u00e9c\u00e8s par an dans le monde. L&rsquo;acc\u00e9l\u00e9ration de l&rsquo;urbanisation, le vieillissement de la population et le manque de temps de plus en plus r\u00e9pandu ne font qu&rsquo;exacerber cette tendance. Le grand d\u00e9fi consiste donc \u00e0 motiver les gens \u00e0 rester physiquement actifs tout en g\u00e9rant efficacement leur temps. Ce d\u00e9fi est extr\u00eamement difficile \u00e0 relever. Nous sommes convaincus que les robots peuvent nous aider.<\/p>\n\n\n\n<p><strong>Quel est le r\u00f4le des technologies de pointe dans le syst\u00e8me de sant\u00e9 ?<br><\/strong>Notre robotique a le potentiel de dynamiser la prestation des soins de sant\u00e9 au 21e si\u00e8cle. Tout d&rsquo;abord, nos robots entra\u00eeneurs peuvent fonctionner de mani\u00e8re semi-autonome ou en collaboration \u00e0 distance avec un entra\u00eeneur ou un professionnel de la sant\u00e9. En d&rsquo;autres termes, les robots ont le potentiel d&rsquo;accro\u00eetre le champ d&rsquo;action et l&rsquo;efficacit\u00e9 de l&rsquo;entra\u00eeneur, et peuvent donc r\u00e9duire consid\u00e9rablement le co\u00fbt des soins tout en pr\u00e9servant ou en augmentant leur qualit\u00e9. En outre, la t\u00e9l\u00e9formation robotis\u00e9e permet aux prestataires de soins de sant\u00e9 de d\u00e9placer les traitements hors des h\u00f4pitaux co\u00fbteux et d&rsquo;\u00e9tendre l&rsquo;acc\u00e8s aux soins aux communaut\u00e9s mal desservies. Enfin, en p\u00e9riode de pression extr\u00eame sur le syst\u00e8me de sant\u00e9, comme lors de la pand\u00e9mie de COVID-19, les robots peuvent r\u00e9duire consid\u00e9rablement le risque de transmission de maladies infectieuses au personnel de sant\u00e9 en permettant de former et de tester des personnes \u00e0 distance.<\/p>\n<\/div><\/div>\n","protected":false},"excerpt":{"rendered":"<p>FAQ avec le PDG, Dr. Max Lungarella Quelle est la vision de ddrobotec ?Permettre aux individus de mener un mode de vie plus sain et contribuer \u00e0 une soci\u00e9t\u00e9 soucieuse de sa sant\u00e9. Quelle est la mission de ddrobotec ?D\u00e9velopper une technologie compl\u00e8te et accessible \u00e0 tous pour la sant\u00e9, permettant aux individus de prendre <a href=\"https:\/\/ddrobotec.com\/fr\/interview\/\" class=\"more-link\">&#8230;<\/a><\/p>\n","protected":false},"author":1,"featured_media":0,"parent":0,"menu_order":0,"comment_status":"closed","ping_status":"closed","template":"","meta":{"_acf_changed":false,"footnotes":""},"acf":[],"yoast_head":"<!-- This site is optimized with the Yoast SEO plugin v18.6 - https:\/\/yoast.com\/wordpress\/plugins\/seo\/ -->\n<title>Interview | ddrobotec\u00ae<\/title>\n<meta name=\"robots\" content=\"index, follow, max-snippet:-1, max-image-preview:large, max-video-preview:-1\" \/>\n<link rel=\"canonical\" href=\"https:\/\/ddrobotec.com\/fr\/interview\/\" \/>\n<meta property=\"og:locale\" content=\"fr_FR\" \/>\n<meta property=\"og:type\" content=\"article\" \/>\n<meta property=\"og:title\" content=\"Interview | ddrobotec\u00ae\" \/>\n<meta property=\"og:description\" content=\"FAQ avec le PDG, Dr. Max Lungarella Quelle est la vision de ddrobotec ?Permettre aux individus de mener un mode de vie plus sain et contribuer \u00e0 une soci\u00e9t\u00e9 soucieuse de sa sant\u00e9. Quelle est la mission de ddrobotec ?D\u00e9velopper une technologie compl\u00e8te et accessible \u00e0 tous pour la sant\u00e9, permettant aux individus de prendre ...\" \/>\n<meta property=\"og:url\" content=\"https:\/\/ddrobotec.com\/fr\/interview\/\" \/>\n<meta property=\"og:site_name\" content=\"ddrobotec\u00ae\" \/>\n<meta property=\"article:publisher\" content=\"https:\/\/www.facebook.com\/ddrobotec\/\" \/>\n<meta property=\"article:modified_time\" content=\"2024-04-11T08:32:28+00:00\" \/>\n<meta name=\"twitter:card\" content=\"summary_large_image\" \/>\n<meta name=\"twitter:site\" content=\"@ddrobotec\" \/>\n<meta name=\"twitter:label1\" content=\"Dur\u00e9e de lecture estim\u00e9e\" \/>\n\t<meta name=\"twitter:data1\" content=\"4 minutes\" \/>\n<script type=\"application\/ld+json\" class=\"yoast-schema-graph\">{\"@context\":\"https:\/\/schema.org\",\"@graph\":[{\"@type\":\"Organization\",\"@id\":\"https:\/\/ddrobotec.com\/ja\/#organization\",\"name\":\"ddrobotec\u00ae by Dynamic Devices AG\",\"url\":\"https:\/\/ddrobotec.com\/ja\/\",\"sameAs\":[\"https:\/\/www.facebook.com\/ddrobotec\/\",\"https:\/\/www.instagram.com\/ddrobotec\/\",\"https:\/\/www.linkedin.com\/company\/dynamicdevices\/\",\"https:\/\/www.youtube.com\/user\/DynamicDevicesPlus\",\"https:\/\/twitter.com\/ddrobotec\"],\"logo\":{\"@type\":\"ImageObject\",\"@id\":\"https:\/\/ddrobotec.com\/ja\/#logo\",\"inLanguage\":\"fr-FR\",\"url\":\"https:\/\/ddrobotec.com\/wp-content\/uploads\/2020\/11\/Logo-ddrobotec.jpg\",\"contentUrl\":\"https:\/\/ddrobotec.com\/wp-content\/uploads\/2020\/11\/Logo-ddrobotec.jpg\",\"width\":700,\"height\":700,\"caption\":\"ddrobotec\u00ae by Dynamic Devices AG\"},\"image\":{\"@id\":\"https:\/\/ddrobotec.com\/ja\/#logo\"}},{\"@type\":\"WebSite\",\"@id\":\"https:\/\/ddrobotec.com\/ja\/#website\",\"url\":\"https:\/\/ddrobotec.com\/ja\/\",\"name\":\"ddrobotec\u00ae\",\"description\":\"by Dynamic Devices\",\"publisher\":{\"@id\":\"https:\/\/ddrobotec.com\/ja\/#organization\"},\"potentialAction\":[{\"@type\":\"SearchAction\",\"target\":{\"@type\":\"EntryPoint\",\"urlTemplate\":\"https:\/\/ddrobotec.com\/ja\/?s={search_term_string}\"},\"query-input\":\"required name=search_term_string\"}],\"inLanguage\":\"fr-FR\"},{\"@type\":\"WebPage\",\"@id\":\"https:\/\/ddrobotec.com\/fr\/interview\/#webpage\",\"url\":\"https:\/\/ddrobotec.com\/fr\/interview\/\",\"name\":\"Interview | ddrobotec\u00ae\",\"isPartOf\":{\"@id\":\"https:\/\/ddrobotec.com\/ja\/#website\"},\"datePublished\":\"2023-12-06T12:36:51+00:00\",\"dateModified\":\"2024-04-11T08:32:28+00:00\",\"breadcrumb\":{\"@id\":\"https:\/\/ddrobotec.com\/fr\/interview\/#breadcrumb\"},\"inLanguage\":\"fr-FR\",\"potentialAction\":[{\"@type\":\"ReadAction\",\"target\":[\"https:\/\/ddrobotec.com\/fr\/interview\/\"]}]},{\"@type\":\"BreadcrumbList\",\"@id\":\"https:\/\/ddrobotec.com\/fr\/interview\/#breadcrumb\",\"itemListElement\":[{\"@type\":\"ListItem\",\"position\":1,\"name\":\"Home\",\"item\":\"https:\/\/ddrobotec.com\/fr\/\"},{\"@type\":\"ListItem\",\"position\":2,\"name\":\"Interview\"}]}]}<\/script>\n<!-- \/ Yoast SEO plugin. -->","yoast_head_json":{"title":"Interview | ddrobotec\u00ae","robots":{"index":"index","follow":"follow","max-snippet":"max-snippet:-1","max-image-preview":"max-image-preview:large","max-video-preview":"max-video-preview:-1"},"canonical":"https:\/\/ddrobotec.com\/fr\/interview\/","og_locale":"fr_FR","og_type":"article","og_title":"Interview | ddrobotec\u00ae","og_description":"FAQ avec le PDG, Dr. Max Lungarella Quelle est la vision de ddrobotec ?Permettre aux individus de mener un mode de vie plus sain et contribuer \u00e0 une soci\u00e9t\u00e9 soucieuse de sa sant\u00e9. Quelle est la mission de ddrobotec ?D\u00e9velopper une technologie compl\u00e8te et accessible \u00e0 tous pour la sant\u00e9, permettant aux individus de prendre ...","og_url":"https:\/\/ddrobotec.com\/fr\/interview\/","og_site_name":"ddrobotec\u00ae","article_publisher":"https:\/\/www.facebook.com\/ddrobotec\/","article_modified_time":"2024-04-11T08:32:28+00:00","twitter_card":"summary_large_image","twitter_site":"@ddrobotec","twitter_misc":{"Dur\u00e9e de lecture estim\u00e9e":"4 minutes"},"schema":{"@context":"https:\/\/schema.org","@graph":[{"@type":"Organization","@id":"https:\/\/ddrobotec.com\/ja\/#organization","name":"ddrobotec\u00ae by Dynamic Devices AG","url":"https:\/\/ddrobotec.com\/ja\/","sameAs":["https:\/\/www.facebook.com\/ddrobotec\/","https:\/\/www.instagram.com\/ddrobotec\/","https:\/\/www.linkedin.com\/company\/dynamicdevices\/","https:\/\/www.youtube.com\/user\/DynamicDevicesPlus","https:\/\/twitter.com\/ddrobotec"],"logo":{"@type":"ImageObject","@id":"https:\/\/ddrobotec.com\/ja\/#logo","inLanguage":"fr-FR","url":"https:\/\/ddrobotec.com\/wp-content\/uploads\/2020\/11\/Logo-ddrobotec.jpg","contentUrl":"https:\/\/ddrobotec.com\/wp-content\/uploads\/2020\/11\/Logo-ddrobotec.jpg","width":700,"height":700,"caption":"ddrobotec\u00ae by Dynamic Devices AG"},"image":{"@id":"https:\/\/ddrobotec.com\/ja\/#logo"}},{"@type":"WebSite","@id":"https:\/\/ddrobotec.com\/ja\/#website","url":"https:\/\/ddrobotec.com\/ja\/","name":"ddrobotec\u00ae","description":"by Dynamic Devices","publisher":{"@id":"https:\/\/ddrobotec.com\/ja\/#organization"},"potentialAction":[{"@type":"SearchAction","target":{"@type":"EntryPoint","urlTemplate":"https:\/\/ddrobotec.com\/ja\/?s={search_term_string}"},"query-input":"required name=search_term_string"}],"inLanguage":"fr-FR"},{"@type":"WebPage","@id":"https:\/\/ddrobotec.com\/fr\/interview\/#webpage","url":"https:\/\/ddrobotec.com\/fr\/interview\/","name":"Interview | ddrobotec\u00ae","isPartOf":{"@id":"https:\/\/ddrobotec.com\/ja\/#website"},"datePublished":"2023-12-06T12:36:51+00:00","dateModified":"2024-04-11T08:32:28+00:00","breadcrumb":{"@id":"https:\/\/ddrobotec.com\/fr\/interview\/#breadcrumb"},"inLanguage":"fr-FR","potentialAction":[{"@type":"ReadAction","target":["https:\/\/ddrobotec.com\/fr\/interview\/"]}]},{"@type":"BreadcrumbList","@id":"https:\/\/ddrobotec.com\/fr\/interview\/#breadcrumb","itemListElement":[{"@type":"ListItem","position":1,"name":"Home","item":"https:\/\/ddrobotec.com\/fr\/"},{"@type":"ListItem","position":2,"name":"Interview"}]}]}},"_links":{"self":[{"href":"https:\/\/ddrobotec.com\/fr\/wp-json\/wp\/v2\/pages\/23201"}],"collection":[{"href":"https:\/\/ddrobotec.com\/fr\/wp-json\/wp\/v2\/pages"}],"about":[{"href":"https:\/\/ddrobotec.com\/fr\/wp-json\/wp\/v2\/types\/page"}],"author":[{"embeddable":true,"href":"https:\/\/ddrobotec.com\/fr\/wp-json\/wp\/v2\/users\/1"}],"replies":[{"embeddable":true,"href":"https:\/\/ddrobotec.com\/fr\/wp-json\/wp\/v2\/comments?post=23201"}],"version-history":[{"count":2,"href":"https:\/\/ddrobotec.com\/fr\/wp-json\/wp\/v2\/pages\/23201\/revisions"}],"predecessor-version":[{"id":24060,"href":"https:\/\/ddrobotec.com\/fr\/wp-json\/wp\/v2\/pages\/23201\/revisions\/24060"}],"wp:attachment":[{"href":"https:\/\/ddrobotec.com\/fr\/wp-json\/wp\/v2\/media?parent=23201"}],"curies":[{"name":"wp","href":"https:\/\/api.w.org\/{rel}","templated":true}]}}