{"id":23213,"date":"2023-12-06T13:53:20","date_gmt":"2023-12-06T12:53:20","guid":{"rendered":"https:\/\/ddrobotec.com\/?page_id=23213"},"modified":"2024-04-11T10:38:22","modified_gmt":"2024-04-11T08:38:22","slug":"measurables","status":"publish","type":"page","link":"https:\/\/ddrobotec.com\/fr\/measurables\/","title":{"rendered":"Indicateurs"},"content":{"rendered":"\n<div class=\"wp-block-media-text alignwide has-media-on-the-right is-vertically-aligned-center is-stacked-on-mobile\"><div class=\"wp-block-media-text__content\">\n<p><br><strong>INDICATEURS DE MESURES<\/strong><\/p>\n\n\n\n<h2 class=\"wp-block-heading\" id=\"h-biomarqueurs-num-riques-de-performance\">Biomarqueurs num\u00e9riques de performance<\/h2>\n\n\n\n<div style=\"height:20px\" aria-hidden=\"true\" class=\"wp-block-spacer\"><\/div>\n\n\n\n<p><strong>Plus de 50 biomarqueurs valid\u00e9s permettent d&rsquo;\u00e9valuer vos performances cognitives, sensorimotrices, physiques et physiologiques.<\/strong> Avec ddrobotec\u00ae, vous \u00e9valuez, analysez, exercez et optimisez l&rsquo;interaction du syst\u00e8me nerveux central et p\u00e9riph\u00e9rique avec les membres inf\u00e9rieurs. Une mobilit\u00e9 saine et une longue vie ne sont pas seulement des mots \u00e0 la mode.<br><\/p>\n\n\n\n<p>&nbsp; <\/p>\n\n\n\n<div class=\"wp-block-button dd-button-blue\"><a class=\"wp-block-button__link wp-element-button\" href=\"https:\/\/ddrobotec.com\/measurables\/\" target=\"_blank\" rel=\"noreferrer noopener\">En d\u00e9tails<\/a><\/div>\n<\/div><figure class=\"wp-block-media-text__media\"><img loading=\"lazy\" decoding=\"async\" width=\"910\" height=\"1024\" src=\"https:\/\/ddrobotec.com\/wp-content\/uploads\/2021\/05\/ddrobotec-Measurables-Image-EN-2021-910x1024.jpg\" alt=\"\" class=\"wp-image-8871 size-full\" srcset=\"https:\/\/ddrobotec.com\/wp-content\/uploads\/2021\/05\/ddrobotec-Measurables-Image-EN-2021-910x1024.jpg 910w, https:\/\/ddrobotec.com\/wp-content\/uploads\/2021\/05\/ddrobotec-Measurables-Image-EN-2021-267x300.jpg 267w, https:\/\/ddrobotec.com\/wp-content\/uploads\/2021\/05\/ddrobotec-Measurables-Image-EN-2021-1366x1536.jpg 1366w, https:\/\/ddrobotec.com\/wp-content\/uploads\/2021\/05\/ddrobotec-Measurables-Image-EN-2021-1821x2048.jpg 1821w\" sizes=\"(max-width: 910px) 100vw, 910px\" \/><\/figure><\/div>\n","protected":false},"excerpt":{"rendered":"","protected":false},"author":1,"featured_media":0,"parent":0,"menu_order":0,"comment_status":"closed","ping_status":"closed","template":"","meta":{"_acf_changed":false,"footnotes":""},"acf":[],"yoast_head":"<!-- This site is optimized with the Yoast SEO plugin v18.6 - https:\/\/yoast.com\/wordpress\/plugins\/seo\/ -->\n<title>Indicateurs | ddrobotec\u00ae<\/title>\n<meta name=\"robots\" content=\"index, follow, max-snippet:-1, max-image-preview:large, max-video-preview:-1\" \/>\n<link rel=\"canonical\" href=\"https:\/\/ddrobotec.com\/fr\/measurables\/\" \/>\n<meta property=\"og:locale\" content=\"fr_FR\" \/>\n<meta property=\"og:type\" content=\"article\" \/>\n<meta property=\"og:title\" content=\"Indicateurs | ddrobotec\u00ae\" \/>\n<meta property=\"og:url\" content=\"https:\/\/ddrobotec.com\/fr\/measurables\/\" \/>\n<meta property=\"og:site_name\" content=\"ddrobotec\u00ae\" \/>\n<meta property=\"article:publisher\" content=\"https:\/\/www.facebook.com\/ddrobotec\/\" \/>\n<meta property=\"article:modified_time\" content=\"2024-04-11T08:38:22+00:00\" \/>\n<meta property=\"og:image\" content=\"https:\/\/ddrobotec.com\/wp-content\/uploads\/2021\/05\/ddrobotec-Measurables-Image-EN-2021-910x1024.jpg\" \/>\n<meta name=\"twitter:card\" content=\"summary_large_image\" \/>\n<meta name=\"twitter:site\" content=\"@ddrobotec\" \/>\n<script type=\"application\/ld+json\" class=\"yoast-schema-graph\">{\"@context\":\"https:\/\/schema.org\",\"@graph\":[{\"@type\":\"Organization\",\"@id\":\"https:\/\/ddrobotec.com\/ja\/#organization\",\"name\":\"ddrobotec\u00ae by Dynamic Devices AG\",\"url\":\"https:\/\/ddrobotec.com\/ja\/\",\"sameAs\":[\"https:\/\/www.facebook.com\/ddrobotec\/\",\"https:\/\/www.instagram.com\/ddrobotec\/\",\"https:\/\/www.linkedin.com\/company\/dynamicdevices\/\",\"https:\/\/www.youtube.com\/user\/DynamicDevicesPlus\",\"https:\/\/twitter.com\/ddrobotec\"],\"logo\":{\"@type\":\"ImageObject\",\"@id\":\"https:\/\/ddrobotec.com\/ja\/#logo\",\"inLanguage\":\"fr-FR\",\"url\":\"https:\/\/ddrobotec.com\/wp-content\/uploads\/2020\/11\/Logo-ddrobotec.jpg\",\"contentUrl\":\"https:\/\/ddrobotec.com\/wp-content\/uploads\/2020\/11\/Logo-ddrobotec.jpg\",\"width\":700,\"height\":700,\"caption\":\"ddrobotec\u00ae by Dynamic Devices AG\"},\"image\":{\"@id\":\"https:\/\/ddrobotec.com\/ja\/#logo\"}},{\"@type\":\"WebSite\",\"@id\":\"https:\/\/ddrobotec.com\/ja\/#website\",\"url\":\"https:\/\/ddrobotec.com\/ja\/\",\"name\":\"ddrobotec\u00ae\",\"description\":\"by Dynamic Devices\",\"publisher\":{\"@id\":\"https:\/\/ddrobotec.com\/ja\/#organization\"},\"potentialAction\":[{\"@type\":\"SearchAction\",\"target\":{\"@type\":\"EntryPoint\",\"urlTemplate\":\"https:\/\/ddrobotec.com\/ja\/?s={search_term_string}\"},\"query-input\":\"required name=search_term_string\"}],\"inLanguage\":\"fr-FR\"},{\"@type\":\"ImageObject\",\"@id\":\"https:\/\/ddrobotec.com\/fr\/measurables\/#primaryimage\",\"inLanguage\":\"fr-FR\",\"url\":\"https:\/\/ddrobotec.com\/wp-content\/uploads\/2021\/05\/ddrobotec-Measurables-Image-EN-2021-910x1024.jpg\",\"contentUrl\":\"https:\/\/ddrobotec.com\/wp-content\/uploads\/2021\/05\/ddrobotec-Measurables-Image-EN-2021-910x1024.jpg\"},{\"@type\":\"WebPage\",\"@id\":\"https:\/\/ddrobotec.com\/fr\/measurables\/#webpage\",\"url\":\"https:\/\/ddrobotec.com\/fr\/measurables\/\",\"name\":\"Indicateurs | ddrobotec\u00ae\",\"isPartOf\":{\"@id\":\"https:\/\/ddrobotec.com\/ja\/#website\"},\"primaryImageOfPage\":{\"@id\":\"https:\/\/ddrobotec.com\/fr\/measurables\/#primaryimage\"},\"datePublished\":\"2023-12-06T12:53:20+00:00\",\"dateModified\":\"2024-04-11T08:38:22+00:00\",\"breadcrumb\":{\"@id\":\"https:\/\/ddrobotec.com\/fr\/measurables\/#breadcrumb\"},\"inLanguage\":\"fr-FR\",\"potentialAction\":[{\"@type\":\"ReadAction\",\"target\":[\"https:\/\/ddrobotec.com\/fr\/measurables\/\"]}]},{\"@type\":\"BreadcrumbList\",\"@id\":\"https:\/\/ddrobotec.com\/fr\/measurables\/#breadcrumb\",\"itemListElement\":[{\"@type\":\"ListItem\",\"position\":1,\"name\":\"Home\",\"item\":\"https:\/\/ddrobotec.com\/fr\/\"},{\"@type\":\"ListItem\",\"position\":2,\"name\":\"Indicateurs\"}]}]}<\/script>\n<!-- \/ Yoast SEO plugin. -->","yoast_head_json":{"title":"Indicateurs | ddrobotec\u00ae","robots":{"index":"index","follow":"follow","max-snippet":"max-snippet:-1","max-image-preview":"max-image-preview:large","max-video-preview":"max-video-preview:-1"},"canonical":"https:\/\/ddrobotec.com\/fr\/measurables\/","og_locale":"fr_FR","og_type":"article","og_title":"Indicateurs | ddrobotec\u00ae","og_url":"https:\/\/ddrobotec.com\/fr\/measurables\/","og_site_name":"ddrobotec\u00ae","article_publisher":"https:\/\/www.facebook.com\/ddrobotec\/","article_modified_time":"2024-04-11T08:38:22+00:00","og_image":[{"url":"https:\/\/ddrobotec.com\/wp-content\/uploads\/2021\/05\/ddrobotec-Measurables-Image-EN-2021-910x1024.jpg"}],"twitter_card":"summary_large_image","twitter_site":"@ddrobotec","schema":{"@context":"https:\/\/schema.org","@graph":[{"@type":"Organization","@id":"https:\/\/ddrobotec.com\/ja\/#organization","name":"ddrobotec\u00ae by Dynamic Devices AG","url":"https:\/\/ddrobotec.com\/ja\/","sameAs":["https:\/\/www.facebook.com\/ddrobotec\/","https:\/\/www.instagram.com\/ddrobotec\/","https:\/\/www.linkedin.com\/company\/dynamicdevices\/","https:\/\/www.youtube.com\/user\/DynamicDevicesPlus","https:\/\/twitter.com\/ddrobotec"],"logo":{"@type":"ImageObject","@id":"https:\/\/ddrobotec.com\/ja\/#logo","inLanguage":"fr-FR","url":"https:\/\/ddrobotec.com\/wp-content\/uploads\/2020\/11\/Logo-ddrobotec.jpg","contentUrl":"https:\/\/ddrobotec.com\/wp-content\/uploads\/2020\/11\/Logo-ddrobotec.jpg","width":700,"height":700,"caption":"ddrobotec\u00ae by Dynamic Devices AG"},"image":{"@id":"https:\/\/ddrobotec.com\/ja\/#logo"}},{"@type":"WebSite","@id":"https:\/\/ddrobotec.com\/ja\/#website","url":"https:\/\/ddrobotec.com\/ja\/","name":"ddrobotec\u00ae","description":"by Dynamic Devices","publisher":{"@id":"https:\/\/ddrobotec.com\/ja\/#organization"},"potentialAction":[{"@type":"SearchAction","target":{"@type":"EntryPoint","urlTemplate":"https:\/\/ddrobotec.com\/ja\/?s={search_term_string}"},"query-input":"required name=search_term_string"}],"inLanguage":"fr-FR"},{"@type":"ImageObject","@id":"https:\/\/ddrobotec.com\/fr\/measurables\/#primaryimage","inLanguage":"fr-FR","url":"https:\/\/ddrobotec.com\/wp-content\/uploads\/2021\/05\/ddrobotec-Measurables-Image-EN-2021-910x1024.jpg","contentUrl":"https:\/\/ddrobotec.com\/wp-content\/uploads\/2021\/05\/ddrobotec-Measurables-Image-EN-2021-910x1024.jpg"},{"@type":"WebPage","@id":"https:\/\/ddrobotec.com\/fr\/measurables\/#webpage","url":"https:\/\/ddrobotec.com\/fr\/measurables\/","name":"Indicateurs | ddrobotec\u00ae","isPartOf":{"@id":"https:\/\/ddrobotec.com\/ja\/#website"},"primaryImageOfPage":{"@id":"https:\/\/ddrobotec.com\/fr\/measurables\/#primaryimage"},"datePublished":"2023-12-06T12:53:20+00:00","dateModified":"2024-04-11T08:38:22+00:00","breadcrumb":{"@id":"https:\/\/ddrobotec.com\/fr\/measurables\/#breadcrumb"},"inLanguage":"fr-FR","potentialAction":[{"@type":"ReadAction","target":["https:\/\/ddrobotec.com\/fr\/measurables\/"]}]},{"@type":"BreadcrumbList","@id":"https:\/\/ddrobotec.com\/fr\/measurables\/#breadcrumb","itemListElement":[{"@type":"ListItem","position":1,"name":"Home","item":"https:\/\/ddrobotec.com\/fr\/"},{"@type":"ListItem","position":2,"name":"Indicateurs"}]}]}},"_links":{"self":[{"href":"https:\/\/ddrobotec.com\/fr\/wp-json\/wp\/v2\/pages\/23213"}],"collection":[{"href":"https:\/\/ddrobotec.com\/fr\/wp-json\/wp\/v2\/pages"}],"about":[{"href":"https:\/\/ddrobotec.com\/fr\/wp-json\/wp\/v2\/types\/page"}],"author":[{"embeddable":true,"href":"https:\/\/ddrobotec.com\/fr\/wp-json\/wp\/v2\/users\/1"}],"replies":[{"embeddable":true,"href":"https:\/\/ddrobotec.com\/fr\/wp-json\/wp\/v2\/comments?post=23213"}],"version-history":[{"count":2,"href":"https:\/\/ddrobotec.com\/fr\/wp-json\/wp\/v2\/pages\/23213\/revisions"}],"predecessor-version":[{"id":24064,"href":"https:\/\/ddrobotec.com\/fr\/wp-json\/wp\/v2\/pages\/23213\/revisions\/24064"}],"wp:attachment":[{"href":"https:\/\/ddrobotec.com\/fr\/wp-json\/wp\/v2\/media?parent=23213"}],"curies":[{"name":"wp","href":"https:\/\/api.w.org\/{rel}","templated":true}]}}