{"id":23240,"date":"2023-12-06T13:58:48","date_gmt":"2023-12-06T12:58:48","guid":{"rendered":"https:\/\/ddrobotec.com\/?page_id=23240"},"modified":"2024-04-25T16:29:17","modified_gmt":"2024-04-25T14:29:17","slug":"privacy-policy","status":"publish","type":"page","link":"https:\/\/ddrobotec.com\/fr\/privacy-policy\/","title":{"rendered":"Politique de confidentialit\u00e9"},"content":{"rendered":"\n<h2 class=\"wp-block-heading has-text-align-center\" id=\"h-politique-de-confidentialit\">Politique de confidentialit\u00e9<\/h2>\n\n\n\n<div class=\"wp-block-group center-group is-layout-flow wp-block-group-is-layout-flow\"><div class=\"wp-block-group__inner-container\">\n<p><strong>Informations de base<\/strong><\/p>\n\n\n\n<p>La pr\u00e9sente d\u00e9claration de protection des donn\u00e9es a pour but d&rsquo;informer les utilisateurs de ce site Internet sur le type, l&rsquo;\u00e9tendue et la finalit\u00e9 de la collecte et de l&rsquo;utilisation des donn\u00e9es personnelles par l&rsquo;exploitant du site Internet Dynamic Devices AG.<\/p>\n\n\n\n<p>L&rsquo;exploitant du site Internet prend tr\u00e8s au s\u00e9rieux la protection de vos donn\u00e9es et traite vos donn\u00e9es personnelles de mani\u00e8re confidentielle et conform\u00e9ment aux dispositions de l&rsquo;article 13 de la Constitution f\u00e9d\u00e9rale suisse et aux prescriptions de la Conf\u00e9d\u00e9ration en mati\u00e8re de protection des donn\u00e9es (loi f\u00e9d\u00e9rale sur la protection des donn\u00e9es, LPD). Comme les nouvelles technologies et le d\u00e9veloppement continu de ce site Web peuvent entra\u00eener des modifications de la pr\u00e9sente d\u00e9claration de protection des donn\u00e9es, nous vous recommandons de relire r\u00e9guli\u00e8rement la d\u00e9claration de protection des donn\u00e9es.<\/p>\n\n\n\n<p>Les d\u00e9finitions des termes utilis\u00e9s (par exemple \u00ab donn\u00e9es personnelles \u00bb ou \u00ab traitement \u00bb) se trouvent dans le document suivant: <a href=\"https:\/\/gdpr-info.eu\/art-4-gdpr\/\" target=\"_blank\" rel=\"noreferrer noopener\">Art. 4 DSGVO<\/a>.<\/p>\n\n\n\n<div style=\"height:40px\" aria-hidden=\"true\" class=\"wp-block-spacer\"><\/div>\n\n\n\n<p><strong>Acc\u00e8s aux donn\u00e9es<\/strong><\/p>\n\n\n\n<p>Nous, l&rsquo;op\u00e9rateur du site web, collectons des donn\u00e9es sur l&rsquo;acc\u00e8s au site web sur la base de notre int\u00e9r\u00eat l\u00e9gitime (voir art. 6 par. 1 lit. f. DSGVO) et les stockons en tant que \u00ab fichiers journaux du serveur \u00bb sur le serveur du site web. Les donn\u00e9es suivantes sont ainsi enregistr\u00e9es :                                                                                                                                                                                                                                                                                                                                                                                                                                                                                                                                                                                                                                                                                          <\/p>\n\n\n\n<ul>\n<li>Site visit\u00e9<\/li>\n\n\n\n<li>Heure de l&rsquo;acc\u00e8s<\/li>\n\n\n\n<li>Quantit\u00e9 de donn\u00e9es envoy\u00e9es en octets<\/li>\n\n\n\n<li>Source\/r\u00e9f\u00e9rence \u00e0 partir de laquelle vous avez acc\u00e9d\u00e9 \u00e0 la page<\/li>\n\n\n\n<li>Navigateur utilis\u00e9<\/li>\n\n\n\n<li>Syst\u00e8me d&rsquo;exploitation utilis\u00e9<\/li>\n\n\n\n<li>Adresse IP utilis\u00e9e<\/li>\n<\/ul>\n\n\n\n<p>Les fichiers journaux du serveur sont stock\u00e9s pendant un maximum de 7 jours et sont ensuite supprim\u00e9s. Les donn\u00e9es sont conserv\u00e9es pour des raisons de s\u00e9curit\u00e9, par exemple pour clarifier des cas d&rsquo;utilisation abusive. Si les donn\u00e9es doivent \u00eatre supprim\u00e9es pour des raisons de preuve, elles sont exclues de la suppression jusqu&rsquo;\u00e0 ce que l&rsquo;incident ait \u00e9t\u00e9 d\u00e9finitivement r\u00e9solu.<\/p>\n\n\n\n<p> <\/p>\n\n\n\n<div style=\"height:40px\" aria-hidden=\"true\" class=\"wp-block-spacer\"><\/div>\n\n\n\n<p><strong>Mesure de la port\u00e9e et cookies<\/strong><\/p>\n\n\n\n<p>Ce site web utilise des cookies pour la mesure pseudonymis\u00e9e de la port\u00e9e, qui sont transmis au navigateur de l&rsquo;utilisateur soit par notre serveur, soit par le serveur de tiers. Les cookies sont de petits fichiers qui sont stock\u00e9s sur votre appareil final. Votre navigateur acc\u00e8de \u00e0 ces fichiers. L&rsquo;utilisation de cookies augmente la convivialit\u00e9 et la s\u00e9curit\u00e9 de ce site web.<br>Les cookies sont de simples fichiers texte (pas des programmes ex\u00e9cutables) et ne pr\u00e9sentent aucun risque pour votre ordinateur. En outre, aucune donn\u00e9e personnelle n&rsquo;est stock\u00e9e dans les cookies utilis\u00e9s par Dynmaic Devices AG.<\/p>\n\n\n\n<p>Si vous ne souhaitez pas que des cookies pour la mesure de la port\u00e9e soient stock\u00e9s sur votre terminal, vous pouvez vous opposer \u00e0 l&rsquo;utilisation de ces fichiers ici :<\/p>\n\n\n\n<ul>\n<li>Page de d\u00e9sactivation des cookies du r\u00e9seau de publicit\u00e9: <a href=\"http:\/\/optout.networkadvertising.org\/?c=1#!\/\">http:\/\/optout.networkadvertising.org\/?c=1#!\/<\/a><\/li>\n\n\n\n<li>Page de d\u00e9sactivation des cookies US: <a href=\"http:\/\/optout.aboutads.info\/?c=2#!\/\">http:\/\/optout.aboutads.info\/?c=2#!\/<\/a><\/li>\n\n\n\n<li>Page de d\u00e9sactivation des cookies EU: <a href=\"http:\/\/optout.networkadvertising.org\/?c=1#!\/\">http:\/\/optout.networkadvertising.org\/?c=1#!\/<\/a><\/li>\n<\/ul>\n\n\n\n<p>Les navigateurs courants offrent la possibilit\u00e9 de param\u00e9trer le refus des cookies. Remarque : il n&rsquo;est pas garanti que vous puissiez acc\u00e9der \u00e0 toutes les fonctions de ce site web sans restrictions si vous effectuez les r\u00e9glages appropri\u00e9s.<\/p>\n\n\n\n<p> <\/p>\n\n\n\n<div style=\"height:40px\" aria-hidden=\"true\" class=\"wp-block-spacer\"><\/div>\n\n\n\n<p><strong>Collecte et traitement des donn\u00e9es personnelles<\/strong><\/p>\n\n\n\n<p>L&rsquo;exploitant du site web ne collecte, n&rsquo;utilise et ne transmet vos donn\u00e9es personnelles que si la loi l&rsquo;autorise ou si vous consentez \u00e0 la collecte des donn\u00e9es.<\/p>\n\n\n\n<p>Les donn\u00e9es personnelles sont toutes les informations qui permettent de vous identifier et de remonter jusqu&rsquo;\u00e0 vous, telles que votre nom, votre adresse \u00e9lectronique et votre num\u00e9ro de t\u00e9l\u00e9phone.<\/p>\n\n\n\n<p>Vous pouvez \u00e9galement visiter ce site web sans fournir d&rsquo;informations personnelles. Toutefois, afin d&rsquo;am\u00e9liorer notre offre en ligne, nous enregistrons vos donn\u00e9es d&rsquo;acc\u00e8s \u00e0 ce site web (sans r\u00e9f\u00e9rence personnelle). Ces donn\u00e9es d&rsquo;acc\u00e8s comprennent, par exemple, le fichier que vous avez demand\u00e9 ou le nom de votre fournisseur d&rsquo;acc\u00e8s \u00e0 Internet. L&rsquo;anonymisation des donn\u00e9es ne permet pas de tirer des conclusions sur votre personne.<\/p>\n<\/div><\/div>\n","protected":false},"excerpt":{"rendered":"<p>Politique de confidentialit\u00e9 Informations de base La pr\u00e9sente d\u00e9claration de protection des donn\u00e9es a pour but d&rsquo;informer les utilisateurs de ce site Internet sur le type, l&rsquo;\u00e9tendue et la finalit\u00e9 de la collecte et de l&rsquo;utilisation des donn\u00e9es personnelles par l&rsquo;exploitant du site Internet Dynamic Devices AG. L&rsquo;exploitant du site Internet prend tr\u00e8s au s\u00e9rieux <a href=\"https:\/\/ddrobotec.com\/fr\/privacy-policy\/\" class=\"more-link\">&#8230;<\/a><\/p>\n","protected":false},"author":1,"featured_media":0,"parent":0,"menu_order":0,"comment_status":"closed","ping_status":"open","template":"","meta":{"_acf_changed":false,"footnotes":""},"acf":[],"yoast_head":"<!-- This site is optimized with the Yoast SEO plugin v18.6 - https:\/\/yoast.com\/wordpress\/plugins\/seo\/ -->\n<title>Politique de confidentialit\u00e9 | ddrobotec\u00ae<\/title>\n<meta name=\"robots\" content=\"index, follow, max-snippet:-1, max-image-preview:large, max-video-preview:-1\" \/>\n<link rel=\"canonical\" href=\"https:\/\/ddrobotec.com\/fr\/privacy-policy\/\" \/>\n<meta property=\"og:locale\" content=\"fr_FR\" \/>\n<meta property=\"og:type\" content=\"article\" \/>\n<meta property=\"og:title\" content=\"Politique de confidentialit\u00e9 | ddrobotec\u00ae\" \/>\n<meta property=\"og:description\" content=\"Politique de confidentialit\u00e9 Informations de base La pr\u00e9sente d\u00e9claration de protection des donn\u00e9es a pour but d&rsquo;informer les utilisateurs de ce site Internet sur le type, l&rsquo;\u00e9tendue et la finalit\u00e9 de la collecte et de l&rsquo;utilisation des donn\u00e9es personnelles par l&rsquo;exploitant du site Internet Dynamic Devices AG. L&rsquo;exploitant du site Internet prend tr\u00e8s au s\u00e9rieux ...\" \/>\n<meta property=\"og:url\" content=\"https:\/\/ddrobotec.com\/fr\/privacy-policy\/\" \/>\n<meta property=\"og:site_name\" content=\"ddrobotec\u00ae\" \/>\n<meta property=\"article:publisher\" content=\"https:\/\/www.facebook.com\/ddrobotec\/\" \/>\n<meta property=\"article:modified_time\" content=\"2024-04-25T14:29:17+00:00\" \/>\n<meta name=\"twitter:card\" content=\"summary_large_image\" \/>\n<meta name=\"twitter:site\" content=\"@ddrobotec\" \/>\n<meta name=\"twitter:label1\" content=\"Dur\u00e9e de lecture estim\u00e9e\" \/>\n\t<meta name=\"twitter:data1\" content=\"4 minutes\" \/>\n<script type=\"application\/ld+json\" class=\"yoast-schema-graph\">{\"@context\":\"https:\/\/schema.org\",\"@graph\":[{\"@type\":\"Organization\",\"@id\":\"https:\/\/ddrobotec.com\/ja\/#organization\",\"name\":\"ddrobotec\u00ae by Dynamic Devices AG\",\"url\":\"https:\/\/ddrobotec.com\/ja\/\",\"sameAs\":[\"https:\/\/www.facebook.com\/ddrobotec\/\",\"https:\/\/www.instagram.com\/ddrobotec\/\",\"https:\/\/www.linkedin.com\/company\/dynamicdevices\/\",\"https:\/\/www.youtube.com\/user\/DynamicDevicesPlus\",\"https:\/\/twitter.com\/ddrobotec\"],\"logo\":{\"@type\":\"ImageObject\",\"@id\":\"https:\/\/ddrobotec.com\/ja\/#logo\",\"inLanguage\":\"fr-FR\",\"url\":\"https:\/\/ddrobotec.com\/wp-content\/uploads\/2020\/11\/Logo-ddrobotec.jpg\",\"contentUrl\":\"https:\/\/ddrobotec.com\/wp-content\/uploads\/2020\/11\/Logo-ddrobotec.jpg\",\"width\":700,\"height\":700,\"caption\":\"ddrobotec\u00ae by Dynamic Devices AG\"},\"image\":{\"@id\":\"https:\/\/ddrobotec.com\/ja\/#logo\"}},{\"@type\":\"WebSite\",\"@id\":\"https:\/\/ddrobotec.com\/ja\/#website\",\"url\":\"https:\/\/ddrobotec.com\/ja\/\",\"name\":\"ddrobotec\u00ae\",\"description\":\"by Dynamic Devices\",\"publisher\":{\"@id\":\"https:\/\/ddrobotec.com\/ja\/#organization\"},\"potentialAction\":[{\"@type\":\"SearchAction\",\"target\":{\"@type\":\"EntryPoint\",\"urlTemplate\":\"https:\/\/ddrobotec.com\/ja\/?s={search_term_string}\"},\"query-input\":\"required name=search_term_string\"}],\"inLanguage\":\"fr-FR\"},{\"@type\":\"WebPage\",\"@id\":\"https:\/\/ddrobotec.com\/fr\/privacy-policy\/#webpage\",\"url\":\"https:\/\/ddrobotec.com\/fr\/privacy-policy\/\",\"name\":\"Politique de confidentialit\u00e9 | ddrobotec\u00ae\",\"isPartOf\":{\"@id\":\"https:\/\/ddrobotec.com\/ja\/#website\"},\"datePublished\":\"2023-12-06T12:58:48+00:00\",\"dateModified\":\"2024-04-25T14:29:17+00:00\",\"breadcrumb\":{\"@id\":\"https:\/\/ddrobotec.com\/fr\/privacy-policy\/#breadcrumb\"},\"inLanguage\":\"fr-FR\",\"potentialAction\":[{\"@type\":\"ReadAction\",\"target\":[\"https:\/\/ddrobotec.com\/fr\/privacy-policy\/\"]}]},{\"@type\":\"BreadcrumbList\",\"@id\":\"https:\/\/ddrobotec.com\/fr\/privacy-policy\/#breadcrumb\",\"itemListElement\":[{\"@type\":\"ListItem\",\"position\":1,\"name\":\"Home\",\"item\":\"https:\/\/ddrobotec.com\/fr\/\"},{\"@type\":\"ListItem\",\"position\":2,\"name\":\"Politique de confidentialit\u00e9\"}]}]}<\/script>\n<!-- \/ Yoast SEO plugin. -->","yoast_head_json":{"title":"Politique de confidentialit\u00e9 | ddrobotec\u00ae","robots":{"index":"index","follow":"follow","max-snippet":"max-snippet:-1","max-image-preview":"max-image-preview:large","max-video-preview":"max-video-preview:-1"},"canonical":"https:\/\/ddrobotec.com\/fr\/privacy-policy\/","og_locale":"fr_FR","og_type":"article","og_title":"Politique de confidentialit\u00e9 | ddrobotec\u00ae","og_description":"Politique de confidentialit\u00e9 Informations de base La pr\u00e9sente d\u00e9claration de protection des donn\u00e9es a pour but d&rsquo;informer les utilisateurs de ce site Internet sur le type, l&rsquo;\u00e9tendue et la finalit\u00e9 de la collecte et de l&rsquo;utilisation des donn\u00e9es personnelles par l&rsquo;exploitant du site Internet Dynamic Devices AG. L&rsquo;exploitant du site Internet prend tr\u00e8s au s\u00e9rieux ...","og_url":"https:\/\/ddrobotec.com\/fr\/privacy-policy\/","og_site_name":"ddrobotec\u00ae","article_publisher":"https:\/\/www.facebook.com\/ddrobotec\/","article_modified_time":"2024-04-25T14:29:17+00:00","twitter_card":"summary_large_image","twitter_site":"@ddrobotec","twitter_misc":{"Dur\u00e9e de lecture estim\u00e9e":"4 minutes"},"schema":{"@context":"https:\/\/schema.org","@graph":[{"@type":"Organization","@id":"https:\/\/ddrobotec.com\/ja\/#organization","name":"ddrobotec\u00ae by Dynamic Devices AG","url":"https:\/\/ddrobotec.com\/ja\/","sameAs":["https:\/\/www.facebook.com\/ddrobotec\/","https:\/\/www.instagram.com\/ddrobotec\/","https:\/\/www.linkedin.com\/company\/dynamicdevices\/","https:\/\/www.youtube.com\/user\/DynamicDevicesPlus","https:\/\/twitter.com\/ddrobotec"],"logo":{"@type":"ImageObject","@id":"https:\/\/ddrobotec.com\/ja\/#logo","inLanguage":"fr-FR","url":"https:\/\/ddrobotec.com\/wp-content\/uploads\/2020\/11\/Logo-ddrobotec.jpg","contentUrl":"https:\/\/ddrobotec.com\/wp-content\/uploads\/2020\/11\/Logo-ddrobotec.jpg","width":700,"height":700,"caption":"ddrobotec\u00ae by Dynamic Devices AG"},"image":{"@id":"https:\/\/ddrobotec.com\/ja\/#logo"}},{"@type":"WebSite","@id":"https:\/\/ddrobotec.com\/ja\/#website","url":"https:\/\/ddrobotec.com\/ja\/","name":"ddrobotec\u00ae","description":"by Dynamic Devices","publisher":{"@id":"https:\/\/ddrobotec.com\/ja\/#organization"},"potentialAction":[{"@type":"SearchAction","target":{"@type":"EntryPoint","urlTemplate":"https:\/\/ddrobotec.com\/ja\/?s={search_term_string}"},"query-input":"required name=search_term_string"}],"inLanguage":"fr-FR"},{"@type":"WebPage","@id":"https:\/\/ddrobotec.com\/fr\/privacy-policy\/#webpage","url":"https:\/\/ddrobotec.com\/fr\/privacy-policy\/","name":"Politique de confidentialit\u00e9 | ddrobotec\u00ae","isPartOf":{"@id":"https:\/\/ddrobotec.com\/ja\/#website"},"datePublished":"2023-12-06T12:58:48+00:00","dateModified":"2024-04-25T14:29:17+00:00","breadcrumb":{"@id":"https:\/\/ddrobotec.com\/fr\/privacy-policy\/#breadcrumb"},"inLanguage":"fr-FR","potentialAction":[{"@type":"ReadAction","target":["https:\/\/ddrobotec.com\/fr\/privacy-policy\/"]}]},{"@type":"BreadcrumbList","@id":"https:\/\/ddrobotec.com\/fr\/privacy-policy\/#breadcrumb","itemListElement":[{"@type":"ListItem","position":1,"name":"Home","item":"https:\/\/ddrobotec.com\/fr\/"},{"@type":"ListItem","position":2,"name":"Politique de confidentialit\u00e9"}]}]}},"_links":{"self":[{"href":"https:\/\/ddrobotec.com\/fr\/wp-json\/wp\/v2\/pages\/23240"}],"collection":[{"href":"https:\/\/ddrobotec.com\/fr\/wp-json\/wp\/v2\/pages"}],"about":[{"href":"https:\/\/ddrobotec.com\/fr\/wp-json\/wp\/v2\/types\/page"}],"author":[{"embeddable":true,"href":"https:\/\/ddrobotec.com\/fr\/wp-json\/wp\/v2\/users\/1"}],"replies":[{"embeddable":true,"href":"https:\/\/ddrobotec.com\/fr\/wp-json\/wp\/v2\/comments?post=23240"}],"version-history":[{"count":2,"href":"https:\/\/ddrobotec.com\/fr\/wp-json\/wp\/v2\/pages\/23240\/revisions"}],"predecessor-version":[{"id":24278,"href":"https:\/\/ddrobotec.com\/fr\/wp-json\/wp\/v2\/pages\/23240\/revisions\/24278"}],"wp:attachment":[{"href":"https:\/\/ddrobotec.com\/fr\/wp-json\/wp\/v2\/media?parent=23240"}],"curies":[{"name":"wp","href":"https:\/\/api.w.org\/{rel}","templated":true}]}}